{"id":21756,"date":"2014-05-13T10:15:30","date_gmt":"2014-05-13T10:15:30","guid":{"rendered":"https:\/\/church-event.vamtam.com\/?page_id=21756"},"modified":"2023-01-13T15:57:21","modified_gmt":"2023-01-13T14:57:21","slug":"donations","status":"publish","type":"page","link":"https:\/\/www.cenresig.org\/final\/donations\/","title":{"rendered":"Donazione al centro"},"content":{"rendered":"<div class=\"row \"><div class=\"wpv-grid grid-1-1  wpv-first-level first unextended\" style=\"padding-top:0px;padding-bottom:0px\" id=\"wpv-column-892fe30533fa7835388a5798e2a95c1d\" ><span class='dropcap2 '>L&#8217;<\/span>Istituto, ogni anno, affronta spese considerevoli per continuare a garantire \u2013 a chi lo frequenta abitualmente e a chi semplicemente lo visita \u2013 l\u2019eccellenza e l\u2019accessibilit\u00e0 degli insegnamenti, la preservazione di un patrimonio culturale di inestimabile valore.<\/p>\n<p>Tutto ci\u00f2 \u00e8 possibile grazie alla generosit\u00e0, pratica fondamentale del Buddhismo Mahayana: la generosit\u00e0 di chi fa una libera donazione dopo un insegnamento, la generosit\u00e0 di chi sottoscrive la tessera associativa, la generosit\u00e0 di chi sostiene un progetto, di chi acquista libri o oggetti sacri, la generosit\u00e0 dei volontari.<\/div><\/div>\n\t\t<div class=\"sep-text single centered\">\n\t\t\t\t\t\t\t<span class=\"sep-text-before\"><div class=\"sep-text-line\"><\/div><\/span>\n\t\t\t\t\t\t<div class=\"content\">\n\t\t\t\t<h2 class=\"text-divider-double\">\nCome puoi donare<\/h2>\t\t\t<\/div>\n\t\t\t<span class=\"sep-text-after\"><div class=\"sep-text-line\"><\/div><\/span>\n\t\t\t\t\t<\/div>\n\t\n<div class=\"row \"><div class=\"wpv-grid grid-1-1  wpv-first-level first unextended\" style=\"padding-top:0px;padding-bottom:0px\" id=\"wpv-column-7f2d2cfba18ec5b1c5386e8bbed9ee3f\" ><blockquote><p>La vera risorsa che consente la vita dell\u2019Istituto e permette di affrontare nuovi progetti \u00e8 la generosit\u00e0 e il buon cuore dei suoi sostenitori.<\/p><\/blockquote><\/div><\/div>\n<div class=\"row \"><div class=\"wpv-grid grid-1-3  wpv-first-level first unextended\" style=\"padding-top:0px;padding-bottom:0px\" id=\"wpv-column-4bd74700e0bc15cedd3b86fa9ff40ceb\" >\n<div  data-target=\"_self\" class=\"linkarea clearfix accent1  background-transparent\">\n\t\t\t\t<div class=\"last\"><h2 class=\"wpb_heading wpb_singleimage_heading\" style=\"text-align: center;\">Codice QR per la donazione<\/h2>\n<p style=\"text-align: center;\"><img loading=\"lazy\" decoding=\"async\" class=\"wp-image-26117 size-full aligncenter\" src=\"https:\/\/www.cenresig.org\/final\/wp-content\/uploads\/2023\/01\/Codice-QR.png\" alt=\"\" width=\"146\" height=\"146\" srcset=\"https:\/\/www.cenresig.org\/final\/wp-content\/uploads\/2023\/01\/Codice-QR.png 146w, https:\/\/www.cenresig.org\/final\/wp-content\/uploads\/2023\/01\/Codice-QR-60x60.png 60w, https:\/\/www.cenresig.org\/final\/wp-content\/uploads\/2023\/01\/Codice-QR-43x43.png 43w, https:\/\/www.cenresig.org\/final\/wp-content\/uploads\/2023\/01\/Codice-QR-106x106.png 106w, https:\/\/www.cenresig.org\/final\/wp-content\/uploads\/2023\/01\/Codice-QR-100x100.png 100w\" sizes=\"auto, (max-width: 146px) 100vw, 146px\" \/><br \/><\/div>\n\t<\/div><\/div>\n<div class=\"wpv-grid grid-1-3  wpv-first-level unextended\" style=\"padding-top:0px;padding-bottom:0px\" id=\"wpv-column-7a07bd30066c2b5407589abcbf27252e\" >\n<div  data-target=\"_self\" class=\"linkarea clearfix accent1  background-transparent\">\n\t\t\t\t<div class=\"last\"><h2 class=\"wpb_heading wpb_singleimage_heading\" style=\"text-align: center;\">Donazione on line<\/h2>\n<div class=\"push\" style='height:30px'><\/div>\n<p class=\"textcenter\"><a href=\"https:\/\/www.paypal.com\/donate\/?hosted_button_id=A56TP255CGHXS\" target=\"_self\" style='font-size: 20px;' class=\"button vamtam-button accent1  button-filled hover-accent1 \"><span class=\"btext\">DONA ORA<\/span><\/a><\/p><\/div>\n\t<\/div><\/div>\n<div class=\"wpv-grid grid-1-3  wpv-first-level unextended\" style=\"padding-top:0px;padding-bottom:0px\" id=\"wpv-column-77d72cbc80c96c53fccb4584dac68605\" >\n<div  data-target=\"_self\" class=\"linkarea clearfix accent1  background-transparent\">\n\t\t\t\t<div class=\"last\"><h2 class=\"wpb_heading wpb_singleimage_heading\" style=\"text-align: center;\">Bonifico bancario<\/h2>\n<div class=\"push\" style='height:30px'><\/div>\n<p style=\"text-align: center;\">intestato a CENTRO STUDI CENRESIG<\/p>\n<p style=\"text-align: center;\">IBAN: IT02Y0538736670000002011917<br \/>\nCAUSALE: &#8220;Libera donazione a sostegno attivit\u00e0&#8221;<\/div>\n\t<\/div><\/div><\/div>\n","protected":false},"excerpt":{"rendered":"<p>Istituto, ogni anno, affronta spese considerevoli per continuare a garantire \u2013 a chi lo frequenta abitualmente e a chi semplicemente lo visita \u2013 l\u2019eccellenza e l\u2019accessibilit\u00e0 degli insegnamenti, la preservazione&#8230;<\/p>\n","protected":false},"author":1,"featured_media":0,"parent":0,"menu_order":0,"comment_status":"closed","ping_status":"open","template":"","meta":{"footnotes":""},"class_list":["post-21756","page","type-page","status-publish","hentry"],"_links":{"self":[{"href":"https:\/\/www.cenresig.org\/final\/wp-json\/wp\/v2\/pages\/21756","targetHints":{"allow":["GET"]}}],"collection":[{"href":"https:\/\/www.cenresig.org\/final\/wp-json\/wp\/v2\/pages"}],"about":[{"href":"https:\/\/www.cenresig.org\/final\/wp-json\/wp\/v2\/types\/page"}],"author":[{"embeddable":true,"href":"https:\/\/www.cenresig.org\/final\/wp-json\/wp\/v2\/users\/1"}],"replies":[{"embeddable":true,"href":"https:\/\/www.cenresig.org\/final\/wp-json\/wp\/v2\/comments?post=21756"}],"version-history":[{"count":6,"href":"https:\/\/www.cenresig.org\/final\/wp-json\/wp\/v2\/pages\/21756\/revisions"}],"predecessor-version":[{"id":25757,"href":"https:\/\/www.cenresig.org\/final\/wp-json\/wp\/v2\/pages\/21756\/revisions\/25757"}],"wp:attachment":[{"href":"https:\/\/www.cenresig.org\/final\/wp-json\/wp\/v2\/media?parent=21756"}],"curies":[{"name":"wp","href":"https:\/\/api.w.org\/{rel}","templated":true}]}}