{"id":26026,"date":"2023-01-09T23:38:26","date_gmt":"2023-01-09T22:38:26","guid":{"rendered":"https:\/\/www.cenresig.org\/final\/?page_id=26026"},"modified":"2023-01-09T23:38:26","modified_gmt":"2023-01-09T22:38:26","slug":"la-nostra-storia","status":"publish","type":"page","link":"https:\/\/www.cenresig.org\/final\/la-nostra-storia\/","title":{"rendered":"La nostra storia"},"content":{"rendered":"<div class=\"row \"><div class=\"wpv-grid grid-1-1  wpv-first-level first unextended\" style=\"padding-top:0px;padding-bottom:0px\" id=\"wpv-column-e7197e1a4766855aaccc9a9345531964\" ><h2 class=\"\"><img loading=\"lazy\" decoding=\"async\" class=\"size-medium wp-image-26027 alignleft\" src=\"https:\/\/www.cenresig.org\/final\/wp-content\/uploads\/2023\/01\/IMG_6223-683x1024-1-200x300.jpg\" alt=\"\" width=\"200\" height=\"300\" srcset=\"https:\/\/www.cenresig.org\/final\/wp-content\/uploads\/2023\/01\/IMG_6223-683x1024-1-200x300.jpg 200w, https:\/\/www.cenresig.org\/final\/wp-content\/uploads\/2023\/01\/IMG_6223-683x1024-1-555x832.jpg 555w, https:\/\/www.cenresig.org\/final\/wp-content\/uploads\/2023\/01\/IMG_6223-683x1024-1-360x540.jpg 360w, https:\/\/www.cenresig.org\/final\/wp-content\/uploads\/2023\/01\/IMG_6223-683x1024-1-262x393.jpg 262w, https:\/\/www.cenresig.org\/final\/wp-content\/uploads\/2023\/01\/IMG_6223-683x1024-1-600x900.jpg 600w, https:\/\/www.cenresig.org\/final\/wp-content\/uploads\/2023\/01\/IMG_6223-683x1024-1.jpg 683w\" sizes=\"auto, (max-width: 200px) 100vw, 200px\" \/>Dal 1983\u2026<\/h2>\n<p align=\"JUSTIFY\">\u2026grazie alla gentilezza del\u00a0<strong><a href=\"http:\/\/www.cenresig.org\/?speaker=ghesce-ciampa-ghiatso\">ven. Ghesce Ciampa Ghiatso<\/a><\/strong>, il Centro Studi Cenresig \u00e8 dedicato allo studio e alla pratica del Buddhismo, ovvero a quegli insegnamenti che il Buddha storico diede in India dopo la sua Illuminazione (circa 2500 anni fa). Il Buddhismo viene descritto da alcuni come una religione, da altri come una filosofia, in realt\u00e0 i suoi aspetti sono molteplici, e sono sia di carattere religioso che filosofico. Di qui i rituali, lo studio e l\u2019analisi della mente e dei fenomeni.<br \/>\nDall\u2019India il Buddhismo si diffuse rapidamente negli altri paesi asiatici, dalla Birmania al Giappone, assumendo di paese in paese connotati differenti a seconda della cultura e dall\u2019ambiente in cui, come un seme, attecchiva. Si sono cos\u00ec sviluppate scuole diverse, come diverse sono le attitudini degli uomini, ma tutte hanno in comune lo stesso principio, per cui in ogni uomo vi \u00e8 il potenziale per riconoscere la sofferenza e liberarsi da essa.<br \/>\nIl Centro appartiene alla scuola\u00a0<strong>Ghelupa<\/strong>, di tradizione\u00a0<strong>Mahayana<\/strong>, che riconosce nel\u00a0<strong>Dalai Lama<\/strong>\u00a0la massima autorit\u00e0 spirituale del Buddhismo tibetano.<br \/>\nIl suo nome,\u00a0<strong>Cenresig<\/strong>, \u00e8 il nome tibetano della divinit\u00e0 intesa come manifestazione della\u00a0<strong>Compassione<\/strong>, dotata di cento mani e cento occhi per vedere la sofferenza di tutti gli esseri ed andare in loro soccorso.<\/p>\n<p align=\"JUSTIFY\">Il Centro Studi Cenresig \u00e8 un\u2019 associazione senza scopo di lucro; le sue attivit\u00e0 sono gestite da personale volontario e sostenute interamente dalle quote associative degli iscritti.<br \/>\n<a href=\"http:\/\/www.cenresig.org\/?page_id=40\">Scopri le attivit\u00e0 del Centro &gt;<\/a><\/p>\n<p>Il Centro, inoltre \u00e8 parte di un network internazionale dedicato alla\u00a0<strong><a href=\"http:\/\/www.cenresig.org\/?p=683\">Preservazione della Tradizione Mahayana (FPMT)<\/a><\/strong>, fondato da\u00a0<strong><a href=\"http:\/\/www.cenresig.org\/?speaker=lama-thubten-yeshe\">Lama Yeshe<\/a><\/strong>\u00a0nel 1975. Esso conta nel mondo altri 150 enti tra cui centri di studio e di meditazione, organizzazioni umanitarie, monasteri, case editrici in varie lingue e centri di ritiro.\u00a0Lo scopo della Fondazione \u00e8 quello di mantenere vivo ed integro il patrimonio di spiritualit\u00e0 del Buddhismo Mahayana in tutti i suoi aspetti religiosi, etici, filosofici, psicologici ed umanitari, cos\u00ec che tutti ne possano attingere liberamente secondo il proprio grado di interesse.<br \/>\nI vari centri collaborano alla realizzazione di questo ideale comune, agendo in piena autonomia in contesti sociali e campi completamente diversi che vanno dalla cura dei lebbrosi (India), all\u2019educazione spirituale (Francia, Germania, Italia, Brasile, ecc.), dall\u2019editoria (U.S.A., Italia, Spagna), all\u2019assistenza ai malati di cancro e di Aids in Australia e in molti altri paesi.<\/p>\n<p align=\"JUSTIFY\">Tra le iniziative pubbliche organizzate dal Centro Cenresig ricordiamo in particolare:<\/p>\n<ul>\n<li><strong>\u201cTibet:la terra del cielo\u201d<\/strong>\u00a0(giugno 1994) presso la sede del Q.re S.Vitale, con la benedizione del mandala di sabbia colorata dedicato a Cenresig da parte del premio Nobel per la pace Sua Santit\u00e0 il Dalai Lama e una conferenza sui diritti umani presso l\u2019aula Magna S. Lucia dell\u2019Universit\u00e0.<\/li>\n<li><strong>\u201cLo Spirito del Tibet \u2013 mese della cultura tibetana\u201d<\/strong>\u00a0nell\u2019 ambito di \u201cBologna Capitale della Cultura Europea 2000\u201d. Nello stesso anno partecipa all\u2019organizzazione della \u201cstorica\u201d partita allo stadio Dallara di Bologna tra la Nazionale di calcio tibetana e la Nazionale cantanti.<\/li>\n<li>Dal 2008 il Centro promuove l\u2019incontro interreligioso\u00a0<strong>\u201cCome dita di una sola mano\u201d<\/strong>, all\u2019interno di\u00a0<em>\u201cHuman Rights Nights\u201d<\/em>, il festival internazionale di cinema e arti dedicato ai diritti umani.<\/li>\n<li>Durante il mese di Marzo 2009 ha organizzato la rassegna<strong>\u00a0\u201cTibet 50 anni dopo\u201d<\/strong>: conferenze, mostre e seminari dedicati alla cultura tibetana, con il patrocinio del Comune di Bologna.<\/li>\n<li><strong>\u201cTesori di Luce\u201d<\/strong>\u00a0(novembre 2009): il Centro \u00a0ospita presso la sede del Q.re San Vitale il\u00a0<strong><a href=\"http:\/\/www.maitreyarelictour.com\/\" target=\"_blank\" rel=\"noopener\">Tour delle Reliquie del Progetto Maitreya<\/a><\/strong>.<\/li>\n<li><strong>\u201cTesori di Luce\u201d<\/strong>\u00a0(aprile 2013): il Centro ospita presso la Sala Silentium di Vicolo Bolognetti il<strong>\u00a0<a href=\"http:\/\/www.maitreyarelictour.com\/\" target=\"_blank\" rel=\"noopener\">Tour delle Reliquie del Progetto Maitreya<\/a><br \/>\n<\/strong>(Rassegna stampa:\u00a0<a href=\"http:\/\/urp.comune.bologna.it\/comunica\/comstampa.nsf\/faa30f1db70ca835412569190058e89b\/ce0fefcb0455d264c1257b4a0057a1ae?OpenDocument\" target=\"_blank\" rel=\"noopener\">Comune di Bologna<\/a>;\u00a0<a href=\"http:\/\/bologna.repubblica.it\/cronaca\/2013\/04\/12\/foto\/le_reliquie_del_buddha_a_bologna-56515599\/1\/\" target=\"_blank\" rel=\"noopener\">La Repubblica.it<\/a>;\u00a0<a href=\"http:\/\/www.ilrestodelcarlino.it\/bologna\/cultura\/2013\/04\/09\/871127-tesori_luce.shtml\" target=\"_blank\" rel=\"noopener\">il Resto del Carlino.it<\/a>;\u00a0<a href=\"http:\/\/www.cenresig.org\/wp-content\/uploads\/2015\/08\/articolo_reliquie.pdf\">il Resto del Carlino<\/a>;\u00a0<a href=\"http:\/\/www.bolognatoday.it\/eventi\/cultura\/reliquie-buddha-vicolo-bolognetti-mostra-12-14-aprile-2013.html\" target=\"_blank\" rel=\"noopener\">BolognaToday<\/a>).<\/li>\n<\/ul>\n<p>Tra i maestri che insegnano regolarmente presso il Centro troviamo i venerabili:\u00a0<strong><a href=\"http:\/\/www.cenresig.org\/?speaker=dagri-rinpoche\">Dagri Rinpoce,<\/a>\u00a0<a href=\"http:\/\/www.cenresig.org\/?speaker=lama-monlam\">Lama Ciampa Monlam<\/a>, Kensur Ciampa Tegchok,\u00a0<a href=\"http:\/\/www.cenresig.org\/?speaker=ghesce-tenzin-tenphel\">Ghesce Tenzin Tenphel<\/a>,\u00a0<a href=\"http:\/\/www.cenresig.org\/?speaker=ghesce-ciampa-ghelek\">Ghesce Ciampa Ghelek<\/a>,\u00a0<a href=\"http:\/\/www.cenresig.org\/?speaker=ghesce-dondup-tsering\">Ghesce Dondup Tsering<\/a><\/strong>.<br \/>\nIn passato il Centro ha avuto l\u2019onore di ospitare alcuni dei pi\u00f9 grandi maestri tibetani come\u00a0<strong>Gomo Tulku, Ghesce Ciampa Lodro,\u00a0<a href=\"http:\/\/www.cenresig.org\/?speaker=ghesce-yeshe-tobden\">Ghesce Yesce Tobten<\/a>,\u00a0<a href=\"http:\/\/www.cenresig.org\/?speaker=ghesce-ciampa-ghiatso\">Ghesce Ciampa Ghiatso<\/a>,\u00a0<a href=\"http:\/\/www.cenresig.org\/?speaker=lama-zopa-rinpoche\">Lama Zopa Rinpoce<\/a>, Choden Rinpoce,\u00a0<a href=\"http:\/\/www.cenresig.org\/?speaker=tulku-ghiatso\">Tulku Ghiatso<\/a><\/strong>\u00a0e altri ancora.<\/p>\n<p>Il Centro Cenresig \u00e8 in stretto rapporto di coordinamento con gli altri\u00a0<a href=\"http:\/\/www.cenresig.org\/?p=683\">Centri italiani appartenenti all\u2019 FPMT<\/a>.<br \/>\n<strong>Il Direttore Spirituale di tutti i centri FPMT \u00e8 il\u00a0<a href=\"http:\/\/www.cenresig.org\/?speaker=lama-zopa-rinpoche\">Ven. Lama Thubten Zopa Rinpoce<\/a>.<\/strong><\/div><\/div>\n","protected":false},"excerpt":{"rendered":"<p>Dal 1983\u2026 \u2026grazie alla gentilezza del\u00a0ven. Ghesce Ciampa Ghiatso, il Centro Studi Cenresig \u00e8 dedicato allo studio e alla pratica del Buddhismo, ovvero a quegli insegnamenti che il Buddha storico&#8230;<\/p>\n","protected":false},"author":1,"featured_media":0,"parent":0,"menu_order":0,"comment_status":"closed","ping_status":"closed","template":"","meta":{"footnotes":""},"class_list":["post-26026","page","type-page","status-publish","hentry"],"_links":{"self":[{"href":"https:\/\/www.cenresig.org\/final\/wp-json\/wp\/v2\/pages\/26026","targetHints":{"allow":["GET"]}}],"collection":[{"href":"https:\/\/www.cenresig.org\/final\/wp-json\/wp\/v2\/pages"}],"about":[{"href":"https:\/\/www.cenresig.org\/final\/wp-json\/wp\/v2\/types\/page"}],"author":[{"embeddable":true,"href":"https:\/\/www.cenresig.org\/final\/wp-json\/wp\/v2\/users\/1"}],"replies":[{"embeddable":true,"href":"https:\/\/www.cenresig.org\/final\/wp-json\/wp\/v2\/comments?post=26026"}],"version-history":[{"count":1,"href":"https:\/\/www.cenresig.org\/final\/wp-json\/wp\/v2\/pages\/26026\/revisions"}],"predecessor-version":[{"id":26028,"href":"https:\/\/www.cenresig.org\/final\/wp-json\/wp\/v2\/pages\/26026\/revisions\/26028"}],"wp:attachment":[{"href":"https:\/\/www.cenresig.org\/final\/wp-json\/wp\/v2\/media?parent=26026"}],"curies":[{"name":"wp","href":"https:\/\/api.w.org\/{rel}","templated":true}]}}