{"id":26040,"date":"2023-01-11T09:33:45","date_gmt":"2023-01-11T08:33:45","guid":{"rendered":"https:\/\/www.cenresig.org\/final\/?page_id=26040"},"modified":"2023-01-12T09:50:37","modified_gmt":"2023-01-12T08:50:37","slug":"maestri","status":"publish","type":"page","link":"https:\/\/www.cenresig.org\/final\/maestri\/","title":{"rendered":"Maestri"},"content":{"rendered":"<div class=\"row \"><div class=\"wpv-grid grid-1-1  wpv-first-level first unextended\" style=\"padding-top:0px;padding-bottom:0px\" id=\"wpv-column-375c1dc5f668e457fd24bbca97315abd\" ><div class=\"services clearfix fullimage has-image no-icon has-button \" style=\"text-align:center;\">\n\t<div class=\"services-inside\">\n\t\t\t\t\t\t\t\t\t<div class=\"thumbnail\">\n\t\t\t\t\t\t\t\t\t\t\t<a href=\"https:\/\/www.cenresig.org\/final\/sua-santita-il-xiv-dalai-lama-tenzin-gyatso\/\" target=\"_self\" title=\"Sua Santit\u00e0 il Dalai Lama\" class=\"has-border\">\n\t\t\t\t\t\t\t\t\t\t\t\t\t\t\t\t\t\t<img loading=\"lazy\" decoding=\"async\" width=\"532\" height=\"349\" src=\"https:\/\/www.cenresig.org\/final\/wp-content\/uploads\/2023\/01\/89863521_10221133615440448_3276165654268346368_n.jpg\" class=\"attachment-full size-full\" alt=\"\" srcset=\"https:\/\/www.cenresig.org\/final\/wp-content\/uploads\/2023\/01\/89863521_10221133615440448_3276165654268346368_n.jpg 532w, https:\/\/www.cenresig.org\/final\/wp-content\/uploads\/2023\/01\/89863521_10221133615440448_3276165654268346368_n-300x197.jpg 300w, https:\/\/www.cenresig.org\/final\/wp-content\/uploads\/2023\/01\/89863521_10221133615440448_3276165654268346368_n-360x236.jpg 360w, https:\/\/www.cenresig.org\/final\/wp-content\/uploads\/2023\/01\/89863521_10221133615440448_3276165654268346368_n-262x172.jpg 262w\" sizes=\"auto, (max-width: 532px) 100vw, 532px\" \/>\t\t\t\t\t\t\t\t\t\t\t\t\t\t\t\t\t<\/a>\n\t\t\t\t\t\t\t\t\t<\/div>\n\t\t\t\t\t\t\t\t\t\t<h4 class=\"services-title\">\n\t\t\t\t\t\t\t\t\t<a href=\"https:\/\/www.cenresig.org\/final\/sua-santita-il-xiv-dalai-lama-tenzin-gyatso\/\" target=\"_self\" title=\"Sua Santit\u00e0 il Dalai Lama\">Sua Santit\u00e0 il Dalai Lama<\/a>\n\t\t\t\t\t\t\t<\/h4>\n\t\t\t\t\t\t\t<div class=\"services-content\">\n\u201cIl tempo passa; niente pu\u00f2 fermarlo. Non possiamo cambiare il passato, ma possiamo ancora imparare da esso. E possiamo modellare il futuro, creando un\u2019era pi\u00f9 pacifica, adottando un approccio realistico, riconoscendo che pi\u00f9 sei compassionevole, pi\u00f9 troverai la pace interiore.\u201d<\/div>\n\t\t\t\t\t\t\t<div class=\"services-button-wrap\">\n\t\t\t\t<a href=\"https:\/\/www.cenresig.org\/final\/sua-santita-il-xiv-dalai-lama-tenzin-gyatso\/\" target=\"_self\"><span class=\"btext\">BIOGRAFIA<\/span><\/a>\n\t\t\t<\/div>\n\t\t\t<\/div>\n<\/div>\n<\/div><\/div>\n<div class=\"row \"><div class=\"wpv-grid grid-1-2  wpv-first-level first unextended\" style=\"padding-top:0px;padding-bottom:0px\" id=\"wpv-column-8c4521357a05488521e84ced69bf9ca0\" ><div class=\"services clearfix fullimage has-image no-icon has-button \" style=\"text-align:justify;\">\n\t<div class=\"services-inside\">\n\t\t\t\t\t\t\t\t\t<div class=\"thumbnail\">\n\t\t\t\t\t\t\t\t\t\t\t<a href=\"https:\/\/www.cenresig.org\/final\/lama-thubten-yeshe\/\" target=\"_self\" title=\"Lama Thubten Yeshe\" class=\"has-border\">\n\t\t\t\t\t\t\t\t\t\t\t\t\t\t\t\t\t\t<img loading=\"lazy\" decoding=\"async\" width=\"532\" height=\"349\" src=\"https:\/\/www.cenresig.org\/final\/wp-content\/uploads\/2023\/01\/Lama-Thubten-Yeshe-0403.jpg\" class=\"attachment-full size-full\" alt=\"\" srcset=\"https:\/\/www.cenresig.org\/final\/wp-content\/uploads\/2023\/01\/Lama-Thubten-Yeshe-0403.jpg 532w, https:\/\/www.cenresig.org\/final\/wp-content\/uploads\/2023\/01\/Lama-Thubten-Yeshe-0403-300x197.jpg 300w, https:\/\/www.cenresig.org\/final\/wp-content\/uploads\/2023\/01\/Lama-Thubten-Yeshe-0403-360x236.jpg 360w, https:\/\/www.cenresig.org\/final\/wp-content\/uploads\/2023\/01\/Lama-Thubten-Yeshe-0403-262x172.jpg 262w\" sizes=\"auto, (max-width: 532px) 100vw, 532px\" \/>\t\t\t\t\t\t\t\t\t\t\t\t\t\t\t\t\t<\/a>\n\t\t\t\t\t\t\t\t\t<\/div>\n\t\t\t\t\t\t\t\t\t\t<h4 class=\"services-title\">\n\t\t\t\t\t\t\t\t\t<a href=\"https:\/\/www.cenresig.org\/final\/lama-thubten-yeshe\/\" target=\"_self\" title=\"Lama Thubten Yeshe\">Lama Thubten Yeshe<\/a>\n\t\t\t\t\t\t\t<\/h4>\n\t\t\t\t\t\t\t<div class=\"services-content\">\n\u201cLe tue emozioni che fluttuano su e gi\u00f9 sono come nuvole nel cielo, oltre a loro, la vera natura umana \u00e8 di base chiara e pura\u201d.<\/div>\n\t\t\t\t\t\t\t<div class=\"services-button-wrap\">\n\t\t\t\t<a href=\"https:\/\/www.cenresig.org\/final\/lama-thubten-yeshe\/\" target=\"_self\"><span class=\"btext\">BIOGRAFIA<\/span><\/a>\n\t\t\t<\/div>\n\t\t\t<\/div>\n<\/div>\n<\/div>\n<div class=\"wpv-grid grid-1-2  wpv-first-level unextended\" style=\"padding-top:0px;padding-bottom:0px\" id=\"wpv-column-4d3c624e1731bbb31e6b644cacf96008\" ><div class=\"services clearfix fullimage has-image no-icon has-button \" style=\"text-align:justify;\">\n\t<div class=\"services-inside\">\n\t\t\t\t\t\t\t\t\t<div class=\"thumbnail\">\n\t\t\t\t\t\t\t\t\t\t\t<a href=\"https:\/\/www.cenresig.org\/final\/lama-zopa-rinpoche\/\" target=\"_self\" title=\"Lama Zopa Rinpoche\" class=\"has-border\">\n\t\t\t\t\t\t\t\t\t\t\t\t\t\t\t\t\t\t<img loading=\"lazy\" decoding=\"async\" width=\"532\" height=\"349\" src=\"https:\/\/www.cenresig.org\/final\/wp-content\/uploads\/2023\/01\/Buddha-Weekly-Lama-Zopa-Rinpoche-Buddhism.jpg\" class=\"attachment-full size-full\" alt=\"\" srcset=\"https:\/\/www.cenresig.org\/final\/wp-content\/uploads\/2023\/01\/Buddha-Weekly-Lama-Zopa-Rinpoche-Buddhism.jpg 532w, https:\/\/www.cenresig.org\/final\/wp-content\/uploads\/2023\/01\/Buddha-Weekly-Lama-Zopa-Rinpoche-Buddhism-300x197.jpg 300w, https:\/\/www.cenresig.org\/final\/wp-content\/uploads\/2023\/01\/Buddha-Weekly-Lama-Zopa-Rinpoche-Buddhism-360x236.jpg 360w, https:\/\/www.cenresig.org\/final\/wp-content\/uploads\/2023\/01\/Buddha-Weekly-Lama-Zopa-Rinpoche-Buddhism-262x172.jpg 262w\" sizes=\"auto, (max-width: 532px) 100vw, 532px\" \/>\t\t\t\t\t\t\t\t\t\t\t\t\t\t\t\t\t<\/a>\n\t\t\t\t\t\t\t\t\t<\/div>\n\t\t\t\t\t\t\t\t\t\t<h4 class=\"services-title\">\n\t\t\t\t\t\t\t\t\t<a href=\"https:\/\/www.cenresig.org\/final\/lama-zopa-rinpoche\/\" target=\"_self\" title=\"Lama Zopa Rinpoche\">Lama Zopa Rinpoche<\/a>\n\t\t\t\t\t\t\t<\/h4>\n\t\t\t\t\t\t\t<div class=\"services-content\">\n\u201cSenza capire come si evolve la tua natura interiore, come puoi scoprire la felicit\u00e0 eterna? Dov\u2019\u00e8 la felicit\u00e0 eterna? Non \u00e8 nel cielo o nella giungla; non lo troverai in aria o sottoterra. La felicit\u00e0 eterna \u00e8 dentro di te, nella tua psiche, nella tua coscienza, nella tua mente. Ecco perch\u00e9 \u00e8 importante indagare sulla natura della tua mente.\u201d<\/div>\n\t\t\t\t\t\t\t<div class=\"services-button-wrap\">\n\t\t\t\t<a href=\"https:\/\/www.cenresig.org\/final\/lama-zopa-rinpoche\/\" target=\"_self\"><span class=\"btext\">BIOGRAFIA<\/span><\/a>\n\t\t\t<\/div>\n\t\t\t<\/div>\n<\/div>\n<\/div><\/div>\n<div class=\"row \"><div class=\"wpv-grid grid-1-2  wpv-first-level first unextended\" style=\"padding-top:0px;padding-bottom:0px\" id=\"wpv-column-e879178c3f91779664decf559028f931\" ><div class=\"services clearfix fullimage has-image no-icon has-button \" style=\"text-align:justify;\">\n\t<div class=\"services-inside\">\n\t\t\t\t\t\t\t\t\t<div class=\"thumbnail\">\n\t\t\t\t\t\t\t\t\t\t\t<a href=\"https:\/\/www.cenresig.org\/final\/khandro-namsal-dorje-khandro-la\/\" target=\"_self\" title=\"Khandro Namsal Dorje (Khandro-la)\" class=\"has-border\">\n\t\t\t\t\t\t\t\t\t\t\t\t\t\t\t\t\t\t<img loading=\"lazy\" decoding=\"async\" width=\"532\" height=\"349\" src=\"https:\/\/www.cenresig.org\/final\/wp-content\/uploads\/2023\/01\/khandrola.jpg\" class=\"attachment-full size-full\" alt=\"\" srcset=\"https:\/\/www.cenresig.org\/final\/wp-content\/uploads\/2023\/01\/khandrola.jpg 532w, https:\/\/www.cenresig.org\/final\/wp-content\/uploads\/2023\/01\/khandrola-300x197.jpg 300w, https:\/\/www.cenresig.org\/final\/wp-content\/uploads\/2023\/01\/khandrola-360x236.jpg 360w, https:\/\/www.cenresig.org\/final\/wp-content\/uploads\/2023\/01\/khandrola-262x172.jpg 262w\" sizes=\"auto, (max-width: 532px) 100vw, 532px\" \/>\t\t\t\t\t\t\t\t\t\t\t\t\t\t\t\t\t<\/a>\n\t\t\t\t\t\t\t\t\t<\/div>\n\t\t\t\t\t\t\t\t\t\t<h4 class=\"services-title\">\n\t\t\t\t\t\t\t\t\t<a href=\"https:\/\/www.cenresig.org\/final\/khandro-namsal-dorje-khandro-la\/\" target=\"_self\" title=\"Khandro Namsal Dorje (Khandro-la)\">Khandro Namsal Dorje (Khandro-la)<\/a>\n\t\t\t\t\t\t\t<\/h4>\n\t\t\t\t\t\t\t<div class=\"services-content\">\n\u201cIl sole brillante illumina tutti e agisce continuamente per il beneficio e il benessere di tutti gli esseri in tutto lo spazio. Allo stesso modo, alimentato da\u00a0<i>bodhicitta<\/i>, il sole brillante dell\u2019onniscienza,\u00a0<i>Buddha<\/i>, pervade tutti. Possa egli, insieme alla sua parola, al\u00a0<i>dharma<\/i>\u00a0e alla nobile assemblea, essere sempre vittorioso.\u201d<\/div>\n\t\t\t\t\t\t\t<div class=\"services-button-wrap\">\n\t\t\t\t<a href=\"https:\/\/www.cenresig.org\/final\/khandro-namsal-dorje-khandro-la\/\" target=\"_self\"><span class=\"btext\">BIOGRAFIA<\/span><\/a>\n\t\t\t<\/div>\n\t\t\t<\/div>\n<\/div>\n<\/div>\n<div class=\"wpv-grid grid-1-2  wpv-first-level unextended\" style=\"padding-top:0px;padding-bottom:0px\" id=\"wpv-column-dcc7eab7785ee84d13ab4d81f835e427\" ><div class=\"services clearfix fullimage has-image no-icon has-button \" style=\"text-align:justify;\">\n\t<div class=\"services-inside\">\n\t\t\t\t\t\t\t\t\t<div class=\"thumbnail\">\n\t\t\t\t\t\t\t\t\t\t\t<a href=\"https:\/\/www.cenresig.org\/final\/venerabile-robina-courtin\/\" target=\"_self\" title=\"Venerabile Robina Courtin\" class=\"has-border\">\n\t\t\t\t\t\t\t\t\t\t\t\t\t\t\t\t\t\t<img loading=\"lazy\" decoding=\"async\" width=\"532\" height=\"349\" src=\"https:\/\/www.cenresig.org\/final\/wp-content\/uploads\/2023\/01\/robina-courtin-1-1.jpg\" class=\"attachment-full size-full\" alt=\"\" srcset=\"https:\/\/www.cenresig.org\/final\/wp-content\/uploads\/2023\/01\/robina-courtin-1-1.jpg 532w, https:\/\/www.cenresig.org\/final\/wp-content\/uploads\/2023\/01\/robina-courtin-1-1-300x197.jpg 300w, https:\/\/www.cenresig.org\/final\/wp-content\/uploads\/2023\/01\/robina-courtin-1-1-360x236.jpg 360w, https:\/\/www.cenresig.org\/final\/wp-content\/uploads\/2023\/01\/robina-courtin-1-1-262x172.jpg 262w\" sizes=\"auto, (max-width: 532px) 100vw, 532px\" \/>\t\t\t\t\t\t\t\t\t\t\t\t\t\t\t\t\t<\/a>\n\t\t\t\t\t\t\t\t\t<\/div>\n\t\t\t\t\t\t\t\t\t\t<h4 class=\"services-title\">\n\t\t\t\t\t\t\t\t\t<a href=\"https:\/\/www.cenresig.org\/final\/venerabile-robina-courtin\/\" target=\"_self\" title=\"Venerabile Robina Courtin\">Venerabile Robina Courtin<\/a>\n\t\t\t\t\t\t\t<\/h4>\n\t\t\t\t\t\t\t<div class=\"services-content\">\n\u201cEssere buddista \u00e8 essere il tuo psicologo, essere il tuo terapeuta. Ci\u00f2 significa davvero imparare ad ascoltare ci\u00f2 che sta succedendo dentro\u201d<\/div>\n\t\t\t\t\t\t\t<div class=\"services-button-wrap\">\n\t\t\t\t<a href=\"https:\/\/www.cenresig.org\/final\/venerabile-robina-courtin\/\" target=\"_self\"><span class=\"btext\">BIOGRAFIA<\/span><\/a>\n\t\t\t<\/div>\n\t\t\t<\/div>\n<\/div>\n<\/div><\/div>\n\t\t<div class=\"sep-text single centered\">\n\t\t\t\t\t\t\t<span class=\"sep-text-before\"><div class=\"sep-text-line\"><\/div><\/span>\n\t\t\t\t\t\t<div class=\"content\">\n\t\t\t\t<h2 class=\"text-divider-double\">\nMaestri residenti<\/h2>\t\t\t<\/div>\n\t\t\t<span class=\"sep-text-after\"><div class=\"sep-text-line\"><\/div><\/span>\n\t\t\t\t\t<\/div>\n\t\n<div class=\"row \"><div class=\"wpv-grid grid-1-3  wpv-first-level first unextended\" style=\"padding-top:0px;padding-bottom:0px\" id=\"wpv-column-5d5bedb348a4e63d35e5107e26312b50\" ><div class=\"services clearfix fullimage has-image no-icon has-button \" style=\"text-align:justify;\">\n\t<div class=\"services-inside\">\n\t\t\t\t\t\t\t\t\t<div class=\"thumbnail\">\n\t\t\t\t\t\t\t\t\t\t\t<a href=\"https:\/\/www.cenresig.org\/final\/geshe-tenzin-tenphel\/\" target=\"_self\" title=\"Geshe Tenzin Tenphel\" class=\"has-border\">\n\t\t\t\t\t\t\t\t\t\t\t\t\t\t\t\t\t\t<img loading=\"lazy\" decoding=\"async\" width=\"532\" height=\"349\" src=\"https:\/\/www.cenresig.org\/final\/wp-content\/uploads\/2023\/01\/Geshe-Tenzin-Tenphel.jpg\" class=\"attachment-full size-full\" alt=\"\" srcset=\"https:\/\/www.cenresig.org\/final\/wp-content\/uploads\/2023\/01\/Geshe-Tenzin-Tenphel.jpg 532w, https:\/\/www.cenresig.org\/final\/wp-content\/uploads\/2023\/01\/Geshe-Tenzin-Tenphel-300x197.jpg 300w, https:\/\/www.cenresig.org\/final\/wp-content\/uploads\/2023\/01\/Geshe-Tenzin-Tenphel-360x236.jpg 360w, https:\/\/www.cenresig.org\/final\/wp-content\/uploads\/2023\/01\/Geshe-Tenzin-Tenphel-262x172.jpg 262w\" sizes=\"auto, (max-width: 532px) 100vw, 532px\" \/>\t\t\t\t\t\t\t\t\t\t\t\t\t\t\t\t\t<\/a>\n\t\t\t\t\t\t\t\t\t<\/div>\n\t\t\t\t\t\t\t\t\t\t<h4 class=\"services-title\">\n\t\t\t\t\t\t\t\t\t<a href=\"https:\/\/www.cenresig.org\/final\/geshe-tenzin-tenphel\/\" target=\"_self\" title=\"Geshe Tenzin Tenphel\">Geshe Tenzin Tenphel<\/a>\n\t\t\t\t\t\t\t<\/h4>\n\t\t\t\t\t\t\t<div class=\"services-content\">\nDal 1998 \u00e8 Maestro residente dell\u2019<a href=\"http:\/\/www.iltk.org\/\" target=\"_blank\" rel=\"noopener noreferrer\">Istituto Lama Tzong Khapa<\/a>, dove tiene numerosi corsi di buddhismo aperti a tutti.<br \/>\n<\/div>\n\t\t\t\t\t\t\t<div class=\"services-button-wrap\">\n\t\t\t\t<a href=\"https:\/\/www.cenresig.org\/final\/geshe-tenzin-tenphel\/\" target=\"_self\"><span class=\"btext\">BIOGRAFIA<\/span><\/a>\n\t\t\t<\/div>\n\t\t\t<\/div>\n<\/div>\n<\/div>\n<div class=\"wpv-grid grid-1-3  wpv-first-level unextended\" style=\"padding-top:0px;padding-bottom:0px\" id=\"wpv-column-9c61d65f4319d9641ae9dbef3af20102\" ><div class=\"services clearfix fullimage has-image no-icon has-button \" style=\"text-align:justify;\">\n\t<div class=\"services-inside\">\n\t\t\t\t\t\t\t\t\t<div class=\"thumbnail\">\n\t\t\t\t\t\t\t\t\t\t\t<a href=\"https:\/\/www.cenresig.org\/final\/geshe-jampa-gelek\/\" target=\"_self\" title=\"Geshe Jampa Gelek\" class=\"has-border\">\n\t\t\t\t\t\t\t\t\t\t\t\t\t\t\t\t\t\t<img loading=\"lazy\" decoding=\"async\" width=\"532\" height=\"349\" src=\"https:\/\/www.cenresig.org\/final\/wp-content\/uploads\/2023\/01\/Geshe-Jampa-Gelek.jpg\" class=\"attachment-full size-full\" alt=\"\" srcset=\"https:\/\/www.cenresig.org\/final\/wp-content\/uploads\/2023\/01\/Geshe-Jampa-Gelek.jpg 532w, https:\/\/www.cenresig.org\/final\/wp-content\/uploads\/2023\/01\/Geshe-Jampa-Gelek-300x197.jpg 300w, https:\/\/www.cenresig.org\/final\/wp-content\/uploads\/2023\/01\/Geshe-Jampa-Gelek-360x236.jpg 360w, https:\/\/www.cenresig.org\/final\/wp-content\/uploads\/2023\/01\/Geshe-Jampa-Gelek-262x172.jpg 262w\" sizes=\"auto, (max-width: 532px) 100vw, 532px\" \/>\t\t\t\t\t\t\t\t\t\t\t\t\t\t\t\t\t<\/a>\n\t\t\t\t\t\t\t\t\t<\/div>\n\t\t\t\t\t\t\t\t\t\t<h4 class=\"services-title\">\n\t\t\t\t\t\t\t\t\t<a href=\"https:\/\/www.cenresig.org\/final\/geshe-jampa-gelek\/\" target=\"_self\" title=\"Geshe Jampa Gelek\">Geshe Jampa Gelek<\/a>\n\t\t\t\t\t\t\t<\/h4>\n\t\t\t\t\t\t\t<div class=\"services-content\">\nGhesce Jampa Gelek \u00e8 l\u2019attuale docente di studi di filosofia avanzata nel Masters Program residenziale dell\u2019FPMT, oltre ad essere insegnante di brevi soggetti di buddhismo presso l\u2019<a href=\"http:\/\/www.iltk.org\/\" target=\"_blank\" rel=\"noopener noreferrer\">Istituto Lama Tzong Khapa\u00a0<\/a>ed altri centri italiani di tradizione ghelugpa.<br \/>\n<\/div>\n\t\t\t\t\t\t\t<div class=\"services-button-wrap\">\n\t\t\t\t<a href=\"https:\/\/www.cenresig.org\/final\/geshe-jampa-gelek\/\" target=\"_self\"><span class=\"btext\">BIOGRAFIA<\/span><\/a>\n\t\t\t<\/div>\n\t\t\t<\/div>\n<\/div>\n<\/div>\n<div class=\"wpv-grid grid-1-3  wpv-first-level unextended\" style=\"padding-top:0px;padding-bottom:0px\" id=\"wpv-column-777c8acfebaaa57bc2d1f1c7f8914596\" ><div class=\"services clearfix fullimage has-image no-icon has-button \" style=\"text-align:justify;\">\n\t<div class=\"services-inside\">\n\t\t\t\t\t\t\t\t\t<div class=\"thumbnail\">\n\t\t\t\t\t\t\t\t\t\t\t<a href=\"https:\/\/www.cenresig.org\/final\/geshe-konchog-kyabg\/\" target=\"_self\" title=\"Geshe Konchog Kyabg\" class=\"has-border\">\n\t\t\t\t\t\t\t\t\t\t\t\t\t\t\t\t\t\t<img loading=\"lazy\" decoding=\"async\" width=\"532\" height=\"349\" src=\"https:\/\/www.cenresig.org\/final\/wp-content\/uploads\/2023\/01\/Geshe-Konchog-Kyabg.jpg\" class=\"attachment-full size-full\" alt=\"\" srcset=\"https:\/\/www.cenresig.org\/final\/wp-content\/uploads\/2023\/01\/Geshe-Konchog-Kyabg.jpg 532w, https:\/\/www.cenresig.org\/final\/wp-content\/uploads\/2023\/01\/Geshe-Konchog-Kyabg-300x197.jpg 300w, https:\/\/www.cenresig.org\/final\/wp-content\/uploads\/2023\/01\/Geshe-Konchog-Kyabg-360x236.jpg 360w, https:\/\/www.cenresig.org\/final\/wp-content\/uploads\/2023\/01\/Geshe-Konchog-Kyabg-262x172.jpg 262w\" sizes=\"auto, (max-width: 532px) 100vw, 532px\" \/>\t\t\t\t\t\t\t\t\t\t\t\t\t\t\t\t\t<\/a>\n\t\t\t\t\t\t\t\t\t<\/div>\n\t\t\t\t\t\t\t\t\t\t<h4 class=\"services-title\">\n\t\t\t\t\t\t\t\t\t<a href=\"https:\/\/www.cenresig.org\/final\/geshe-konchog-kyabg\/\" target=\"_self\" title=\"Geshe Konchog Kyabg\">Geshe Konchog Kyabg<\/a>\n\t\t\t\t\t\t\t<\/h4>\n\t\t\t\t\t\t\t<div class=\"services-content\">\nGrazie all\u2019infinita gentilezza di Lama Zopa Rimpoche, dietro sua precisa richiesta, da Aprile \u00e8 maestro residente presso il\u00a0<a href=\"https:\/\/www.tarabianca.org\/\" target=\"_blank\" rel=\"noopener noreferrer\">Centro Tara Bianca.<\/a><br \/>\n<\/div>\n\t\t\t\t\t\t\t<div class=\"services-button-wrap\">\n\t\t\t\t<a href=\"https:\/\/www.cenresig.org\/final\/geshe-konchog-kyabg\/\" target=\"_self\"><span class=\"btext\">BIOGRAFIA<\/span><\/a>\n\t\t\t<\/div>\n\t\t\t<\/div>\n<\/div>\n<\/div><\/div>\n","protected":false},"excerpt":{"rendered":"","protected":false},"author":1,"featured_media":0,"parent":0,"menu_order":0,"comment_status":"closed","ping_status":"closed","template":"","meta":{"footnotes":""},"class_list":["post-26040","page","type-page","status-publish","hentry"],"_links":{"self":[{"href":"https:\/\/www.cenresig.org\/final\/wp-json\/wp\/v2\/pages\/26040","targetHints":{"allow":["GET"]}}],"collection":[{"href":"https:\/\/www.cenresig.org\/final\/wp-json\/wp\/v2\/pages"}],"about":[{"href":"https:\/\/www.cenresig.org\/final\/wp-json\/wp\/v2\/types\/page"}],"author":[{"embeddable":true,"href":"https:\/\/www.cenresig.org\/final\/wp-json\/wp\/v2\/users\/1"}],"replies":[{"embeddable":true,"href":"https:\/\/www.cenresig.org\/final\/wp-json\/wp\/v2\/comments?post=26040"}],"version-history":[{"count":14,"href":"https:\/\/www.cenresig.org\/final\/wp-json\/wp\/v2\/pages\/26040\/revisions"}],"predecessor-version":[{"id":26110,"href":"https:\/\/www.cenresig.org\/final\/wp-json\/wp\/v2\/pages\/26040\/revisions\/26110"}],"wp:attachment":[{"href":"https:\/\/www.cenresig.org\/final\/wp-json\/wp\/v2\/media?parent=26040"}],"curies":[{"name":"wp","href":"https:\/\/api.w.org\/{rel}","templated":true}]}}