{"id":26064,"date":"2023-01-11T12:48:20","date_gmt":"2023-01-11T11:48:20","guid":{"rendered":"https:\/\/www.cenresig.org\/final\/?page_id=26064"},"modified":"2023-01-11T13:10:27","modified_gmt":"2023-01-11T12:10:27","slug":"sua-santita-il-xiv-dalai-lama-tenzin-gyatso","status":"publish","type":"page","link":"https:\/\/www.cenresig.org\/final\/sua-santita-il-xiv-dalai-lama-tenzin-gyatso\/","title":{"rendered":"Sua Santit\u00e0 il XIV Dalai Lama Tenzin Gyatso"},"content":{"rendered":"<div class=\"row \"><div class=\"wpv-grid grid-1-1  wpv-first-level first unextended\" style=\"padding-top:0px;padding-bottom:0px\" id=\"wpv-column-b4f8d9753624adff3307e51704e706c6\" ><p><img loading=\"lazy\" decoding=\"async\" class=\"alignleft wp-image-26066 size-full\" src=\"https:\/\/www.cenresig.org\/final\/wp-content\/uploads\/2023\/01\/8fcfaf9755b59f46f5a71fbf813a5a76.jpg\" alt=\"\" width=\"339\" height=\"674\" srcset=\"https:\/\/www.cenresig.org\/final\/wp-content\/uploads\/2023\/01\/8fcfaf9755b59f46f5a71fbf813a5a76.jpg 339w, https:\/\/www.cenresig.org\/final\/wp-content\/uploads\/2023\/01\/8fcfaf9755b59f46f5a71fbf813a5a76-151x300.jpg 151w, https:\/\/www.cenresig.org\/final\/wp-content\/uploads\/2023\/01\/8fcfaf9755b59f46f5a71fbf813a5a76-262x521.jpg 262w\" sizes=\"auto, (max-width: 339px) 100vw, 339px\" \/><span class='dropcap2 '>S<\/span>ua Santit\u00e0 il 14\u00b0 Dalai Lama Tenzin Gyatso, \u00e8 il leader spirituale del popolo tibetano. E\u2019 nato il 6 luglio 1935, in un piccolo villaggio chiamato Taktser nel nord-est del Tibet da una famiglia di contadini.<\/p>\n<p>Sua Santit\u00e0 \u00e8 stato riconosciuto, all\u2019et\u00e0 di due anni, come reincarnazione del suo predecessore il 13 \u00b0 Dalai Lama, e di conseguenza come un\u2019incarnazione di Avalokitesvara, il Buddha della Compassione.<\/p>\n<p>Nel 1989 Sua Santit\u00e0 ha ricevuto il premio Nobel per la Pace per il suo impegno non-violento per la liberazione del Tibet.<\/p>\n<blockquote><p><em>Se aiuti gli altri con sincera motivazione e sincera preoccupazione, ci\u00f2 ti porter\u00e0 pi\u00f9 fortuna, pi\u00f9 amici, pi\u00f9 sorrisi e pi\u00f9 successo. Se ti dimentichi dei diritti degli altri e trascuri il benessere degli altri, alla fine sarai molto solo.<\/em><\/p>\n<div class=\"testimonial-footer\"><em>Sua Santit\u00e0 il Dalai Lama<\/em><\/div>\n<\/blockquote>\n<div>\n<p>Dal 2011, Sua Santit\u00e0 si \u00e8 ritirato dalla politica (la figura del Dalai Lama\u00a0storicamente ricopriva anche il ruolo di\u00a0capo politico del popolo tibetano)\u00a0e si occupa esclusivamente degli aspetti spirituali.<\/p>\n<p>Sua Santit\u00e0 ha viaggiato in oltre 67 paesi dei 6 continenti. Ha ricevuto oltre 150 premi, lauree honoris causa, e riconoscimenti per il suo messaggio di pace, nonviolenza, dialogo interreligioso, responsabilit\u00e0 universale e compassione. \u00c8 anche autore o coautore di oltre 110 libri.<\/p>\n<\/div>\n<p class=\"textcenter\"><a href=\"http:\/\/it.dalailama.com\/\" target=\"_blank\" style='font-size: 16px;' class=\"button vamtam-button accent1  button-filled hover-accent1 \"><span class=\"btext\">ALTRE INFORMAZIONI<\/span><\/a><\/p><\/div><\/div>\n","protected":false},"excerpt":{"rendered":"<p>ua Santit\u00e0 il 14\u00b0 Dalai Lama Tenzin Gyatso, \u00e8 il leader spirituale del popolo tibetano. E\u2019 nato il 6 luglio 1935, in un piccolo villaggio chiamato Taktser nel nord-est del&#8230;<\/p>\n","protected":false},"author":1,"featured_media":0,"parent":0,"menu_order":0,"comment_status":"closed","ping_status":"closed","template":"","meta":{"footnotes":""},"class_list":["post-26064","page","type-page","status-publish","hentry"],"_links":{"self":[{"href":"https:\/\/www.cenresig.org\/final\/wp-json\/wp\/v2\/pages\/26064","targetHints":{"allow":["GET"]}}],"collection":[{"href":"https:\/\/www.cenresig.org\/final\/wp-json\/wp\/v2\/pages"}],"about":[{"href":"https:\/\/www.cenresig.org\/final\/wp-json\/wp\/v2\/types\/page"}],"author":[{"embeddable":true,"href":"https:\/\/www.cenresig.org\/final\/wp-json\/wp\/v2\/users\/1"}],"replies":[{"embeddable":true,"href":"https:\/\/www.cenresig.org\/final\/wp-json\/wp\/v2\/comments?post=26064"}],"version-history":[{"count":5,"href":"https:\/\/www.cenresig.org\/final\/wp-json\/wp\/v2\/pages\/26064\/revisions"}],"predecessor-version":[{"id":26074,"href":"https:\/\/www.cenresig.org\/final\/wp-json\/wp\/v2\/pages\/26064\/revisions\/26074"}],"wp:attachment":[{"href":"https:\/\/www.cenresig.org\/final\/wp-json\/wp\/v2\/media?parent=26064"}],"curies":[{"name":"wp","href":"https:\/\/api.w.org\/{rel}","templated":true}]}}