{"id":26081,"date":"2023-01-11T13:33:11","date_gmt":"2023-01-11T12:33:11","guid":{"rendered":"https:\/\/www.cenresig.org\/final\/?page_id=26081"},"modified":"2023-01-11T13:36:02","modified_gmt":"2023-01-11T12:36:02","slug":"geshe-tenzin-tenphel","status":"publish","type":"page","link":"https:\/\/www.cenresig.org\/final\/geshe-tenzin-tenphel\/","title":{"rendered":"Geshe Tenzin Tenphel"},"content":{"rendered":"<div class=\"row \"><div class=\"wpv-grid grid-1-1  wpv-first-level first unextended\" style=\"padding-top:0px;padding-bottom:0px\" id=\"wpv-column-4d1bdc22a5301fd812632929a09ec05a\" ><div class=\"fusion-fullwidth fullwidth-box fusion-builder-row-1 nonhundred-percent-fullwidth non-hundred-percent-height-scrolling\">\n<div class=\"fusion-builder-row fusion-row \">\n<div class=\"fusion-layout-column fusion_builder_column fusion_builder_column_1_2 fusion-builder-column-2 fusion-one-half fusion-column-last 1_2\">\n<div class=\"fusion-column-wrapper\" data-bg-url=\"\">\n<div class=\"fusion-text\">\n<p><img loading=\"lazy\" decoding=\"async\" class=\"size-full wp-image-26082 alignleft\" src=\"https:\/\/www.cenresig.org\/final\/wp-content\/uploads\/2023\/01\/gtt1-3.jpg\" alt=\"\" width=\"433\" height=\"544\" srcset=\"https:\/\/www.cenresig.org\/final\/wp-content\/uploads\/2023\/01\/gtt1-3.jpg 433w, https:\/\/www.cenresig.org\/final\/wp-content\/uploads\/2023\/01\/gtt1-3-239x300.jpg 239w, https:\/\/www.cenresig.org\/final\/wp-content\/uploads\/2023\/01\/gtt1-3-360x452.jpg 360w, https:\/\/www.cenresig.org\/final\/wp-content\/uploads\/2023\/01\/gtt1-3-262x329.jpg 262w\" sizes=\"auto, (max-width: 433px) 100vw, 433px\" \/><span class='dropcap2 '>G<\/span>hesce Tenphel \u00e8 nato a Domo (Tibet), vicino a una provincia del Sikkim, stato federato dell\u2019India, in una famiglia nomade di agricoltori. Nel 1959, a causa dell\u2019invasione cinese del Tibet, la famiglia fugg\u00ec nel Sikkim e pi\u00f9 tardi emigr\u00f2 nel sud dell\u2019India.<\/p>\n<p>Ghesce Tenphel divenne aspirante monaco all\u2019et\u00e0 di nove anni, ma continu\u00f2 a studiare nella locale scuola statale indiana, memorizzando le scritture buddhiste durante le sue vacanze.<\/p>\n<p>A 17 anni ottenne dalla famiglia il permesso di entrare nell\u2019 Universit\u00e0 monastica di Sera Je (trasferita dal Tibet nel sud dell\u2019India), dove complet\u00f2 i 21 anni di formazione tradizionale scolastica. Ghesce Tenphel si \u00e8 laureato con lode nel 1994, ottenendo il diploma universitario di Ghesce Lharampa, il dottorato pi\u00f9 alto del buddhismo tibetano conferito nella tradizione Ghelug.<\/p>\n<\/div>\n<div class=\"fusion-clearfix\"><\/div>\n<\/div>\n<\/div>\n<\/div>\n<\/div>\n<div class=\"fusion-fullwidth fullwidth-box fusion-builder-row-2 nonhundred-percent-fullwidth non-hundred-percent-height-scrolling\">\n<div class=\"fusion-builder-row fusion-row \">\n<div class=\"fusion-layout-column fusion_builder_column fusion_builder_column_1_1 fusion-builder-column-3 fusion-one-full fusion-column-first fusion-column-last fusion-column-no-min-height 1_1\">\n<div class=\"fusion-column-wrapper\" data-bg-url=\"\">\n<div class=\"fusion-text\">\n<p>In seguito ha studiato i tantra per un anno, nel collegio tantrico del Gyu-To, prima di essere invitato a partecipare a un tour internazionale dei monaci di Sera Je. Nel 1997 ha guidato, a Sera Je, un gruppo di monaci specializzati nelle pratiche meditative e rituali connesse alla divinit\u00e0 di meditazione Hayagriva.<\/p>\n<p>Dal 1998 \u00e8 Maestro residente dell\u2019<a href=\"https:\/\/www.iltk.org\/\" target=\"_blank\" rel=\"noopener noreferrer\">Istituto Lama Tzong Khapa<\/a>, dove tiene numerosi corsi di buddhismo, brevi e di media durata (aperti a tutti), e lezioni sui trattati canonici nei diversi programmi di studio proposti dall\u2019Istituto.<\/p>\n<\/div>\n<\/div>\n<\/div>\n<\/div>\n<\/div><\/div><\/div>\n","protected":false},"excerpt":{"rendered":"<p>hesce Tenphel \u00e8 nato a Domo (Tibet), vicino a una provincia del Sikkim, stato federato dell\u2019India, in una famiglia nomade di agricoltori. Nel 1959, a causa dell\u2019invasione cinese del Tibet,&#8230;<\/p>\n","protected":false},"author":1,"featured_media":0,"parent":0,"menu_order":0,"comment_status":"closed","ping_status":"closed","template":"","meta":{"footnotes":""},"class_list":["post-26081","page","type-page","status-publish","hentry"],"_links":{"self":[{"href":"https:\/\/www.cenresig.org\/final\/wp-json\/wp\/v2\/pages\/26081","targetHints":{"allow":["GET"]}}],"collection":[{"href":"https:\/\/www.cenresig.org\/final\/wp-json\/wp\/v2\/pages"}],"about":[{"href":"https:\/\/www.cenresig.org\/final\/wp-json\/wp\/v2\/types\/page"}],"author":[{"embeddable":true,"href":"https:\/\/www.cenresig.org\/final\/wp-json\/wp\/v2\/users\/1"}],"replies":[{"embeddable":true,"href":"https:\/\/www.cenresig.org\/final\/wp-json\/wp\/v2\/comments?post=26081"}],"version-history":[{"count":2,"href":"https:\/\/www.cenresig.org\/final\/wp-json\/wp\/v2\/pages\/26081\/revisions"}],"predecessor-version":[{"id":26085,"href":"https:\/\/www.cenresig.org\/final\/wp-json\/wp\/v2\/pages\/26081\/revisions\/26085"}],"wp:attachment":[{"href":"https:\/\/www.cenresig.org\/final\/wp-json\/wp\/v2\/media?parent=26081"}],"curies":[{"name":"wp","href":"https:\/\/api.w.org\/{rel}","templated":true}]}}