{"id":26091,"date":"2023-01-12T09:29:59","date_gmt":"2023-01-12T08:29:59","guid":{"rendered":"https:\/\/www.cenresig.org\/final\/?page_id=26091"},"modified":"2023-01-12T09:29:59","modified_gmt":"2023-01-12T08:29:59","slug":"geshe-konchog-kyabg","status":"publish","type":"page","link":"https:\/\/www.cenresig.org\/final\/geshe-konchog-kyabg\/","title":{"rendered":"Geshe Konchog Kyabg"},"content":{"rendered":"<div class=\"row \"><div class=\"wpv-grid grid-1-1  wpv-first-level first unextended\" style=\"padding-top:0px;padding-bottom:0px\" id=\"wpv-column-0e8e8f30d47196d565f220922abce427\" ><div class=\"fusion-fullwidth fullwidth-box fusion-builder-row-1 nonhundred-percent-fullwidth non-hundred-percent-height-scrolling\">\n<div class=\"fusion-builder-row fusion-row \">\n<div class=\"fusion-layout-column fusion_builder_column fusion_builder_column_1_2 fusion-builder-column-2 fusion-one-half fusion-column-last 1_2\">\n<div class=\"fusion-column-wrapper\" data-bg-url=\"\">\n<div class=\"fusion-text\">\n<p><img loading=\"lazy\" decoding=\"async\" class=\"alignleft wp-image-26092 size-medium\" src=\"https:\/\/www.cenresig.org\/final\/wp-content\/uploads\/2023\/01\/Geshe-Konchog-Kyabg_bio-225x300.jpg\" alt=\"\" width=\"225\" height=\"300\" srcset=\"https:\/\/www.cenresig.org\/final\/wp-content\/uploads\/2023\/01\/Geshe-Konchog-Kyabg_bio-225x300.jpg 225w, https:\/\/www.cenresig.org\/final\/wp-content\/uploads\/2023\/01\/Geshe-Konchog-Kyabg_bio-768x1024.jpg 768w, https:\/\/www.cenresig.org\/final\/wp-content\/uploads\/2023\/01\/Geshe-Konchog-Kyabg_bio-555x740.jpg 555w, https:\/\/www.cenresig.org\/final\/wp-content\/uploads\/2023\/01\/Geshe-Konchog-Kyabg_bio-360x480.jpg 360w, https:\/\/www.cenresig.org\/final\/wp-content\/uploads\/2023\/01\/Geshe-Konchog-Kyabg_bio-262x349.jpg 262w, https:\/\/www.cenresig.org\/final\/wp-content\/uploads\/2023\/01\/Geshe-Konchog-Kyabg_bio-600x800.jpg 600w, https:\/\/www.cenresig.org\/final\/wp-content\/uploads\/2023\/01\/Geshe-Konchog-Kyabg_bio.jpg 960w\" sizes=\"auto, (max-width: 225px) 100vw, 225px\" \/><span class='dropcap2 '>G<\/span>eshe Konchog Kyab nacque nel 1961 nel Sikkim, regione himalayana dell\u2019India orientale, dove i suoi genitori avevano cercato asilo dopo essere fuggiti dal Tibet a seguito dell\u2019occupazione cinese nel 1959.<\/p>\n<p>All\u2019et\u00e0 di 12 anni, Ghesce Konchog si un\u00ec al monastero di Sera-Je situato nello stato del Karnataka, nell\u2019India meridionale. Il Sera originale era uno dei tre grandi monasteri in Tibet.<\/p>\n<p>Alcuni anni dopo essere entrato a Sera-Je, Ghesce Konchog Kyab divenne un monaco novizio e ricevette i voti da monaco da Ling Rimpoche, il tutore del Dalai Lama . Ha seguito attentamente i suoi insegnamenti memorizzando, studiando e discutendo i cinque principali testi del buddismo tibetano. Quando aveva 22 anni, ha preso la piena ordinazione da Sua Santit\u00e0 il Dalai Lama.<\/p>\n<p>Nel 1993, Ghesce Konchog ha superato il suo esame di ghese\u00a0 dall\u2019universit\u00e0 del monastero di Sera-Je. Il grado di Ghesce \u00e8 il pi\u00f9 alto grado del monastero, equivalente a un dottorato in filosofia delle universit\u00e0 occidentali. Successivamente, Ghesce la and\u00f2 al Gyumed Tantric College studiando i precetti del Tantra.<\/p>\n<p>Nel 1994, Ghesce Konchog ritorn\u00f2 al monastero di Sera-Je dove insegn\u00f2 ai suoi discepoli.<\/p>\n<p>Nel 1996 \u00e8 stato eletto come Discipline Master ( Maestro di disciplina) di Tehore Khamtsen House di Sera-Je, che ha 1300 monaci.<\/p>\n<\/div>\n<div class=\"fusion-clearfix\"><\/div>\n<\/div>\n<\/div>\n<\/div>\n<\/div>\n<div class=\"fusion-fullwidth fullwidth-box fusion-builder-row-2 nonhundred-percent-fullwidth non-hundred-percent-height-scrolling\">\n<div class=\"fusion-builder-row fusion-row \">\n<div class=\"fusion-layout-column fusion_builder_column fusion_builder_column_1_1 fusion-builder-column-3 fusion-one-full fusion-column-first fusion-column-last fusion-column-no-min-height 1_1\">\n<div class=\"fusion-column-wrapper\" data-bg-url=\"\">\n<div class=\"fusion-text\">\n<p>Nel 1988, Ghesce lasci\u00f2 il suo monastero e viaggi\u00f2 in Svizzera, Germania e Austria per un anno.<\/p>\n<p>Geshe La \u00e8 stata invitato al Tubten Kunga Center da Lama Zopa Rinpoche nel 2000 e vi \u00e8 rimasto per quindici anni.\u00a0 Dopo di che gli \u00e8 stato chiesto di andare in Australia, presso il centro Buddha \u2018 s house in Adelaide dove \u00e8 stato maestro residente per un anno.<\/p>\n<p>Grazie all\u2019infinita gentilezza di Lama Zopa Rimpoche, dietro sua precisa richiesta, da Aprile \u00e8 maestro residente presso il\u00a0<a href=\"https:\/\/www.tarabianca.org\/\" target=\"_blank\" rel=\"noopener noreferrer\">centro Tara Bianca<\/a>.<\/p>\n<p>Grazie alla sua lunga permanenza in paesi occidentali e al fatto di parlare e dare insegnamenti in inglese, Ghese Konchog Kyab riesce a entrare facilmente in contatto con gli studenti e i frequentatori dei centri , meglio comprendendo le loro esigenze.<\/p>\n<\/div>\n<\/div>\n<\/div>\n<\/div>\n<\/div><\/div><\/div>\n","protected":false},"excerpt":{"rendered":"<p>eshe Konchog Kyab nacque nel 1961 nel Sikkim, regione himalayana dell\u2019India orientale, dove i suoi genitori avevano cercato asilo dopo essere fuggiti dal Tibet a seguito dell\u2019occupazione cinese nel 1959&#8230;.<\/p>\n","protected":false},"author":1,"featured_media":0,"parent":0,"menu_order":0,"comment_status":"closed","ping_status":"closed","template":"","meta":{"footnotes":""},"class_list":["post-26091","page","type-page","status-publish","hentry"],"_links":{"self":[{"href":"https:\/\/www.cenresig.org\/final\/wp-json\/wp\/v2\/pages\/26091","targetHints":{"allow":["GET"]}}],"collection":[{"href":"https:\/\/www.cenresig.org\/final\/wp-json\/wp\/v2\/pages"}],"about":[{"href":"https:\/\/www.cenresig.org\/final\/wp-json\/wp\/v2\/types\/page"}],"author":[{"embeddable":true,"href":"https:\/\/www.cenresig.org\/final\/wp-json\/wp\/v2\/users\/1"}],"replies":[{"embeddable":true,"href":"https:\/\/www.cenresig.org\/final\/wp-json\/wp\/v2\/comments?post=26091"}],"version-history":[{"count":2,"href":"https:\/\/www.cenresig.org\/final\/wp-json\/wp\/v2\/pages\/26091\/revisions"}],"predecessor-version":[{"id":26103,"href":"https:\/\/www.cenresig.org\/final\/wp-json\/wp\/v2\/pages\/26091\/revisions\/26103"}],"wp:attachment":[{"href":"https:\/\/www.cenresig.org\/final\/wp-json\/wp\/v2\/media?parent=26091"}],"curies":[{"name":"wp","href":"https:\/\/api.w.org\/{rel}","templated":true}]}}