{"id":26094,"date":"2023-01-12T09:33:23","date_gmt":"2023-01-12T08:33:23","guid":{"rendered":"https:\/\/www.cenresig.org\/final\/?page_id=26094"},"modified":"2023-01-12T09:40:40","modified_gmt":"2023-01-12T08:40:40","slug":"khandro-namsal-dorje-khandro-la","status":"publish","type":"page","link":"https:\/\/www.cenresig.org\/final\/khandro-namsal-dorje-khandro-la\/","title":{"rendered":"Khandro Namsal Dorje (Khandro-la)"},"content":{"rendered":"<div class=\"row \"><div class=\"wpv-grid grid-1-1  wpv-first-level first unextended\" style=\"padding-top:0px;padding-bottom:0px\" id=\"wpv-column-d2f401a13ab87b1742fba2a2e2331431\" ><p><div id=\"attachment_26100\" style=\"width: 310px\" class=\"wp-caption alignleft\"><img loading=\"lazy\" decoding=\"async\" aria-describedby=\"caption-attachment-26100\" class=\"wp-image-26100 size-medium\" src=\"https:\/\/www.cenresig.org\/final\/wp-content\/uploads\/2023\/01\/Khandro-La-300x198.jpg\" alt=\"\" width=\"300\" height=\"198\" srcset=\"https:\/\/www.cenresig.org\/final\/wp-content\/uploads\/2023\/01\/Khandro-La-300x198.jpg 300w, https:\/\/www.cenresig.org\/final\/wp-content\/uploads\/2023\/01\/Khandro-La-1024x677.jpg 1024w, https:\/\/www.cenresig.org\/final\/wp-content\/uploads\/2023\/01\/Khandro-La-768x508.jpg 768w, https:\/\/www.cenresig.org\/final\/wp-content\/uploads\/2023\/01\/Khandro-La-1536x1015.jpg 1536w, https:\/\/www.cenresig.org\/final\/wp-content\/uploads\/2023\/01\/Khandro-La-1140x754.jpg 1140w, https:\/\/www.cenresig.org\/final\/wp-content\/uploads\/2023\/01\/Khandro-La-555x367.jpg 555w, https:\/\/www.cenresig.org\/final\/wp-content\/uploads\/2023\/01\/Khandro-La-360x238.jpg 360w, https:\/\/www.cenresig.org\/final\/wp-content\/uploads\/2023\/01\/Khandro-La-262x173.jpg 262w, https:\/\/www.cenresig.org\/final\/wp-content\/uploads\/2023\/01\/Khandro-La-600x397.jpg 600w, https:\/\/www.cenresig.org\/final\/wp-content\/uploads\/2023\/01\/Khandro-La.jpg 1800w\" sizes=\"auto, (max-width: 300px) 100vw, 300px\" \/><p id=\"caption-attachment-26100\" class=\"wp-caption-text\">Initial Sacred Photography.art galleries by Victoria Knobloch, Mar 2020. www.sacredphotography.art.<\/p><\/div><\/p>\n<p align=\"JUSTIFY\"><em>Vi proponiamo qui un estratto dell\u2019intervista realizzata dal Ven. Roger Kunsang e pubblicata su FPMT Mandala Magazine, Agosto 2008:<\/em><\/p>\n<p align=\"JUSTIFY\"><strong>Ven. Roger Kunsang<\/strong>: \u201cPotresti dirmi perch\u00e9 hai lasciato il Tibet?\u201d<\/p>\n<p align=\"JUSTIFY\"><strong>Khandro-la<\/strong>: \u201cNon ne avevo l\u2019intenzione e nemmeno il denaro per partire. Ho seguito un segno che ho avuto in sogno: c\u2019era un autobus che stava suonando indicando la partenza imminente, e vi sono salita senza neanche sapere dove stavo andando.\u00a0<span id=\"more-4127\"><\/span>Dagli altri passeggeri ho appreso che sarebbero andati a Lhasa, poi a Shigatze. Dopo un paio di giorni di viaggio sono venuta a sapere che sarebbero andati anche sul\u00a0<em>Monte Kailash<\/em>.<\/p>\n<p align=\"JUSTIFY\">Un giorno, mentre eravamo fermi a Shigatze, stavo circumambulando il\u00a0<em>Monastero di Tashi Lhunpo<\/em>, quando mi sono imbattuta in un signore anziano vestito con un\u00a0<em>doti<\/em>\u00a0indiano.<\/p>\n<p align=\"JUSTIFY\">Questo completo sconosciuto si \u00e8 avvicinato e mi ha dato 2000\u00a0<em>gormo.<\/em>\u00a0Mi ha chiesto di sedermi vicino a lui e ha cominciato a raccontarmi molte storie inusuali. Mi ha detto che l\u2019India era appena al di l\u00e0 della montagna, e che avrei dovuto incontrare Sua Santit\u00e0 il Dalai Lama e molti altri Lama.<\/p>\n<p align=\"JUSTIFY\">Continuava a sollecitarmi perch\u00e9 mi recassi in India \u2013 in quel momento non mi sembrava affatto strano, ma ora, quando ci ripenso, mi sembra incredibile.\u201d<\/p>\n<p align=\"JUSTIFY\"><strong>Ven. Roger Kunsang<\/strong>: \u201cE\u2019 stato difficile arrivare in India?\u201d<\/p>\n<p align=\"JUSTIFY\"><strong>Khandro-la:\u00a0<\/strong>\u201cOh s\u00ec! Ci sono state molte difficolt\u00e0. Non avevo un obiettivo preciso e seguivo semplicemente i pellegrini. Non mi ricordo chiaramente quanto \u00e8 durato il viaggio, ma ho fatto quindici\u00a0<em>koras<\/em>\u00a0intorno al\u00a0<em>Monte Kailash<\/em>\u00a0e, a causa del mio inusuale modo di fare e del mio modo di parlare, ha cominciato a girare la voce che fossi una\u00a0<em>dakini<\/em>. Cos\u00ec si sono formate code di persone che volevano vedermi e che chiedevano persino di avere una benedizione da me. E\u2019 stato molto stancante per me il contatto con la folla, ma un monaco molto gentile che veniva da un monastero vicino si \u00e8 preso cura di me, portandomi cibo e acqua. Aveva persino disposto in maniera pi\u00f9 ordinata le persone che volevano vedermi per le benedizioni, ecc. Molte di queste persone hanno espresso il desiderio di andare in India con me. Una notte, all\u2019improvviso e senza troppe discussioni, ho deciso di partire per l\u2019India e cos\u00ec, un signore che ci faceva da guida ha accompagnato diciassette di noi lungo il sentiero che porta al confine.<\/p>\n<p align=\"JUSTIFY\">La guida non era molto esperta, e ci sono voluti diciassette giorni per giungere a Kathmandu, in Nepal. Normalmente il viaggio richiederebbe solo sette giorni. Eravamo in terre sperdute e desolate senza nessun sentiero e senza incontrare nessuno cui chiedere indicazioni; non riuscivamo neppure a capire se fossimo usciti dal Tibet. Potevamo solo seguire i segni che avevo durante i sogni. Quando non sapevamo pi\u00f9 dove andare, mi \u00e8 stato detto di andare nella direzione in cui appariva un cerchio di luce. Forse queste erano le benedizioni di Sua Santit\u00e0 o di\u00a0<em>Palden Lhamo<\/em>. A volte procedevamo per un giorno intero senza bere o mangiare, altre volte dovevamo viaggiare anche tutta la notte. Non eravamo preparati per affrontare un viaggio cos\u00ec lungo.\u201d<\/p>\n<h3 align=\"JUSTIFY\" data-fontsize=\"26\" data-lineheight=\"42\"><\/h3>\n<h3 align=\"JUSTIFY\" data-fontsize=\"26\" data-lineheight=\"42\">Arrivo in India<\/h3>\n<p align=\"JUSTIFY\">\u201cQuando sono arrivata in Nepal mi sono gravemente ammalata a causa del cibo avariato e non ho potuto pi\u00f9 proseguire il viaggio per l\u2019India con i miei compagni. Dovevo restare nel centro di accoglienza a Kathmandu, vomitando sangue, cosa che allo staff fece sospettare che soffrissi di una malattia molto contagiosa. Mi hanno lasciato dormire fuori dal centro, in un campo. Ero cos\u00ec debole che non riuscivo nemmeno a cambiare posizione. Quando avevo bisogno di muovermi, mi spingevano avanti e indietro con dei bastoni per paura di toccarmi con le mani. Le mie condizioni peggioravano e lo staff medico era convinto che non sarei sopravvissuta, quindi un giorno mi chiesero se avessi voluto lasciare un ultimo messaggio per la mia famiglia e l\u2019indirizzo dove recapitarlo.<\/p>\n<p align=\"JUSTIFY\">Cos\u00ec ho fatto richiesta ai monaci di un monastero di fare delle preghiere dopo la mia morte e di cremare il mio corpo su una collina; ho poi scoperto che era la collina sacra di\u00a0<em>Nagarjuna<\/em>, dove\u00a0<em>Buddha<\/em>\u00a0ha insegnato il\u00a0<em>Sutra<\/em>\u00a0chiamato\u00a0<em>Langru Lunten<\/em>. Ho chiesto ai monaci di raccogliere la mia urina in una bottiglia e di darla alla prima persona che avessero incontrato all\u2019entrata dello\u00a0<em>Stupa<\/em>\u00a0<em>di<\/em>\u00a0<em>Bodhanath<\/em>. In quel momento ero in stato semicosciente, ma i monaci furono cos\u00ec gentili da realizzare questo mio desiderio.<\/p>\n<p align=\"JUSTIFY\">La persona che portava la mia urina incontr\u00f2 un uomo all\u2019ingresso dello\u00a0<em>stupa<\/em>, che si \u00e8 rivelato essere un medico tibetano. Dopo aver analizzato la mia urina e diagnosticato che mi ero avvelenata con della carne, mi ha prescritto delle medicine e mi ha inviato persino delle pillole di benedizione. La mia salute miglior\u00f2 moltissimo e cominciai anche a fare molti bei sogni. Una volta guarita, sono stata mandata al centro di accoglienza a Dharamsala, assieme ad alcuni profughi appena arrivati.<\/p>\n<p align=\"JUSTIFY\">Sono arrivata a Dharamsala non molto dopo che alcuni monaci dal mio villaggio avevano litigato con il personale del centro \u2013 e, dal momento che avevano una brutta impressione nei confronti di tutti coloro che provenivano dalla stessa area, anch\u2019io divenni vittima di questo pensiero.<\/p>\n<p align=\"JUSTIFY\">Fin da quando ero piccola mi chiedevano se avessi preferito andare a scuola o imparare dei mestieri: ho sempre risposto, in tutta sincerit\u00e0, che non ero assolutamente interessata n\u00e9 ad andare a scuola n\u00e9 ad imparare qualcos\u2019altro.<\/p>\n<p align=\"JUSTIFY\">Finch\u00e9 sono rimasta a casa ho sempre provato il grande desiderio e la volont\u00e0 di aiutare i bravi meditatori, cos\u00ec ero solita raccogliere la legna e portare l\u2019acqua ai meditatori che vivevano attorno al mio villaggio. Non sapevo nemmeno che il Tibet era stato occupato dai Cinesi e che per questa ragione i Tibetani erano in esilio. Non sono stata torturata dai Cinesi e non mi mancavano n\u00e9 cibo n\u00e9 vestiti. Il mio solo e unico desiderio era quello di vedere Sua Santit\u00e0 per chiedergli se i miei apparenti momenti di follia fossero positivi o negativi. Questo era tutto ci\u00f2 che desideravo, poi sarei tornata in Tibet a casa mia.\u201d<\/p>\n<h3 align=\"JUSTIFY\" data-fontsize=\"26\" data-lineheight=\"42\">Ostacoli<\/h3>\n<p align=\"JUSTIFY\">\u201cNon riuscivo ad avere un\u2019udienza con Sua Santit\u00e0 perch\u00e9 ero accusata di soffrire di una malattia infettiva che avrebbe potuto contagiarlo. Alcuni sostenevano che fossi matta. Altri che avrei dovuto lasciare il centro di accoglienza per essere portata in un manicomio. Sono stata anche bandita dalle udienze pubbliche per molti mesi.<\/p>\n<p align=\"JUSTIFY\">Invece, ho continuato a circumambulare intorno alla residenza di Sua Santit\u00e0 tutte le mattine. Un giorno, avevo sentito che Sua Santit\u00e0 stava tornando a casa e quindi mi sono nascosta a lato della strada per salutarlo. Non appena la sua macchina ha passato il\u00a0<em>Monastero Namgyal<\/em>, ho visto una luce fortissima provenire dal parabrezza della sua macchina e dentro ho visto Sua Santit\u00e0 con moltissime mani attorno alle spalle! Era la prima volta che vedevo Sua Santit\u00e0, mi sono prostrata l\u00ec davanti e sono svenuta, quasi sotto alla sua auto.<\/p>\n<p align=\"JUSTIFY\">Un signore del mio villaggio mi ha riportato al centro di accoglienza dove ricominci\u00f2 ancora una volta una pioggia di sgridate. Credo per\u00f2 che il vedere Sua Santit\u00e0 abbia prodotto in me un tale cambiamento che non mi arrabbiavo pi\u00f9 con lo staff. Pensavo \u201cOh! Loro devono preoccuparsi di cos\u00ec tante persone e, naturalmente, a volte si arrabbiano\u201d.<\/p>\n<p align=\"JUSTIFY\"><img loading=\"lazy\" decoding=\"async\" class=\"wp-image-5336 alignright\" src=\"https:\/\/www.fpmt.it\/wp-content\/uploads\/2021\/02\/33123364_2275652082446701_7586089843164184576_o.jpg\" sizes=\"auto, (max-width: 644px) 100vw, 644px\" srcset=\"https:\/\/www.fpmt.it\/wp-content\/uploads\/2021\/02\/33123364_2275652082446701_7586089843164184576_o-200x133.jpg 200w, https:\/\/www.fpmt.it\/wp-content\/uploads\/2021\/02\/33123364_2275652082446701_7586089843164184576_o-300x200.jpg 300w, https:\/\/www.fpmt.it\/wp-content\/uploads\/2021\/02\/33123364_2275652082446701_7586089843164184576_o-400x266.jpg 400w, https:\/\/www.fpmt.it\/wp-content\/uploads\/2021\/02\/33123364_2275652082446701_7586089843164184576_o-600x400.jpg 600w, https:\/\/www.fpmt.it\/wp-content\/uploads\/2021\/02\/33123364_2275652082446701_7586089843164184576_o-768x511.jpg 768w, https:\/\/www.fpmt.it\/wp-content\/uploads\/2021\/02\/33123364_2275652082446701_7586089843164184576_o-800x533.jpg 800w, https:\/\/www.fpmt.it\/wp-content\/uploads\/2021\/02\/33123364_2275652082446701_7586089843164184576_o.jpg 1021w\" alt=\"\" width=\"644\" height=\"429\" \/><\/p>\n<p align=\"JUSTIFY\">Nonostante le tante richieste non mi permettevano di avere un\u2019udienza con Sua Santit\u00e0. Solo in seguito ho avuto l\u2019opportunit\u00e0 di trovare un posto a sedere ai Suoi insegnamenti pubblici. Mentre arrivava, scortato dal personale della sicurezza, sono stata posseduta dal protettore, cos\u00ec le guardie del corpo mi hanno portato via dal posto in cui dovevo seguire gli insegnamenti e mi hanno ordinato di rimanere alla base della scalinata. Mi sono sentita molto triste pensando al karma negativo che dovevo avere creato nel passato per non poter nemmeno vedere Sua Santit\u00e0. Gli insegnamenti cominciarono con la recitazione del\u00a0<em>Sutra del Cuore<\/em>, sentivo Sua Santit\u00e0 cantare e mentre stava recitando i versi\u00a0<em>\u201c\u2026n\u00e9 occhi, n\u00e9 naso\u2026\u201d<\/em>\u00a0ho cominciato a provare una strana sensazione. Quando poi ha cominciato a recitare\u00a0<em>\u201cla forma \u00e8 vuota, la vacuit\u00e0 \u00e8 forma\u201d<\/em>\u00a0ho sentito raggi di luce che piovevano su di me penetrando dalla cima del capo e riempendo tutto il mio corpo. Mi sono sentita sollevare in aria e ho avvertito una forte sensazione di gioia e beatitudine.<\/p>\n<p align=\"JUSTIFY\">Con il passare del tempo ho conosciuto alcuni meditatori e sono entrata in contatto con alcuni grandi Lama come Kirty Tsenshab Rinpoce e Khalkha Jetsun Dampa. Da loro ho ricevuto benedizioni d\u2019acqua e hanno provato molti modi per rendere possibile un incontro con Sua Santit\u00e0, ma senza nessun risultato. Cos\u00ec alla fine ho deciso di tornare in Tibet. Ero particolarmente triste perch\u00e9 non ero stata in grado di completare nessuno dei compiti che il signore anziano di Shigatze mi aveva assegnato. C\u2019erano alcune cose importanti che avrei dovuto fare, tra cui offrire una puja di lunga vita a Sua Santit\u00e0 e anche altre cose segrete, ma il tempo a disposizione per tutte quelle attivit\u00e0 stava finendo.<\/p>\n<p align=\"JUSTIFY\">Ho informato Kirty Tsenshab Rinpoce della mia decisione di tornare in Tibet, ma lui ha insistito affinch\u00e9 io non ritornassi. Mi disse che aveva notato in me qualcosa di pi\u00f9 importante di un semplice oracolo; aveva notato qualcosa di molto speciale in me. Disse che sarei stata di grande aiuto a Sua Santit\u00e0 e mi sugger\u00ec di rimanere a Dharamsala.\u00a0<em>\u201cCreer\u00f2 io stesso un ponte dorato tra te e Sua Santit\u00e0.\u201d<\/em>\u00a0Ascoltando queste sue parole, mi chiesi come mai un grande lama e studioso mi stesse dicendo queste cose. Dopo poco, al di l\u00e0 di ogni aspettativa, sono stata ammessa a un\u2019udienza, insieme ad altre persone appena arrivate.\u201d<\/p>\n<h3 align=\"JUSTIFY\" data-fontsize=\"26\" data-lineheight=\"42\">L\u2019incontro con Sua Santit\u00e0 il Dalai Lama<\/h3>\n<p align=\"JUSTIFY\">\u201cEravamo in molti ad attenderlo con ansia. Ho visto Sua Santit\u00e0 venire verso di noi e l\u2019ho visto emanare una luce cos\u00ec radiante e con molte braccia, proprio come la prima volta. Non appena mi sono alzata per fare le prostrazioni, sono entrata in trance e mi hanno di nuovo portato via di peso. Forse sono stata anche colpita con calci o pugni, perch\u00e9 quando ho ripreso conoscenza ho trovato dei lividi sul corpo.<\/p>\n<p align=\"JUSTIFY\">Ma dopo che Sua Santit\u00e0 ebbe dato udienza a tutte le altre persone, chiese che venisse riportata la donna oracolo, cos\u00ec fui condotta da lui. Appena l\u2019ho visto mi sono prostrata afferrandomi ai suoi piedi e sono nuovamente svenuta. Quando mi sono ripresa Sua Santit\u00e0 mi ha rivolto molte domande, ma sono rimasta senza parole \u2013 ero troppo felice per dire qualcosa. In seguito gli ho raccontato di ci\u00f2 che mi aveva detto l\u2019anziano signore incontrato a Shigatze e Sua Santit\u00e0 ha anche ascoltato ogni cosa su di me e i miei problemi. Sono stata confermata come l\u2019oracolo del protettore e Sua Santit\u00e0 mi ha chiesto di non tornare in Tibet. Mi ha conferito diverse iniziazioni e istruzioni e ho cominciato anche a fare i ritiri che mi ha suggerito.<\/p>\n<p align=\"JUSTIFY\"><strong>Ven. Roger Kunsang<\/strong>: Dove vivi ora? Fuori dal Monastero o da qualche altra parte?<\/p>\n<p align=\"JUSTIFY\"><strong>Khandro-la:\u00a0<\/strong>Mi \u00e8 stata data una casa nei pressi del\u00a0<em>Monastero Namgyal<\/em>, la stessa dove vivo ora. Proprio in quel periodo un insegnante della\u00a0<em>Scuola di Dialettica<\/em>\u00a0\u00e8 stato assassinato da un gruppo di praticanti di\u00a0<em>Shugden<\/em>\u00a0e correvano voci che anche io avrei potuto essere assassinata. I monaci del Monastero Namgyal erano molto preoccupati riguardo la mia sicurezza.<br \/>\nEcco come siamo diventati molto uniti. In realt\u00e0, ho cercato di rifiutare la loro protezione. Gli ho detto che se il mio fato era quello di essere uccisa, allora non si sarebbe potuto fare nulla per impedirlo. Ma se se il mio karma era quello di non morire, allora i seguaci di Shugden non avrebbero potuto farmi del male. Tuttavia, i monaci non hanno voluto ascoltarmi e hanno continuato a prendersi cura di me.<\/p>\n<p align=\"JUSTIFY\">Poich\u00e9 ero sempre molto debole fisicamente, Sua Santit\u00e0 ha contattato Kyabje Trulshik Rinpoce e sono stata mandata in Francia per essere curata. In quell\u2019occasione sono venuta a conoscenza di Lama Zopa Rinpoce. Indubbiamente, a causa della mia scarsa salute ho conosciuto veramente tante persone!<\/p>\n<p align=\"JUSTIFY\"><img loading=\"lazy\" decoding=\"async\" class=\"wp-image-5341 alignleft\" src=\"https:\/\/www.fpmt.it\/wp-content\/uploads\/2021\/02\/33530488_2276162172395692_6234672469307817984_o.jpg\" sizes=\"auto, (max-width: 632px) 100vw, 632px\" srcset=\"https:\/\/www.fpmt.it\/wp-content\/uploads\/2021\/02\/33530488_2276162172395692_6234672469307817984_o-200x176.jpg 200w, https:\/\/www.fpmt.it\/wp-content\/uploads\/2021\/02\/33530488_2276162172395692_6234672469307817984_o-300x263.jpg 300w, https:\/\/www.fpmt.it\/wp-content\/uploads\/2021\/02\/33530488_2276162172395692_6234672469307817984_o-400x351.jpg 400w, https:\/\/www.fpmt.it\/wp-content\/uploads\/2021\/02\/33530488_2276162172395692_6234672469307817984_o-600x527.jpg 600w, https:\/\/www.fpmt.it\/wp-content\/uploads\/2021\/02\/33530488_2276162172395692_6234672469307817984_o-768x674.jpg 768w, https:\/\/www.fpmt.it\/wp-content\/uploads\/2021\/02\/33530488_2276162172395692_6234672469307817984_o-800x702.jpg 800w, https:\/\/www.fpmt.it\/wp-content\/uploads\/2021\/02\/33530488_2276162172395692_6234672469307817984_o-1024x899.jpg 1024w, https:\/\/www.fpmt.it\/wp-content\/uploads\/2021\/02\/33530488_2276162172395692_6234672469307817984_o.jpg 1065w\" alt=\"\" width=\"632\" height=\"555\" \/><\/p>\n<p align=\"JUSTIFY\">Durante il mio ritiro e le pratiche si sono manifestati molti segni di buon auspicio e anche buoni risultati, tuttavia mi piace dire che sono tutte semplici allucinazioni. Qualsiasi cosa buona che sia accaduta, \u00e8 soltanto merito delle benedizioni di Sua Santit\u00e0. Io non sono pi\u00f9 di un essere insignificante in mezzo a tanti altri.<br \/>\nCirca un paio di anni fa, Sua Santit\u00e0 mi disse che, qualora se ne fosse presentata l\u2019opportunit\u00e0, avrei dovuto dare insegnamenti o prestare servizio a coloro che ne hanno bisogno. Ma io so di non avere nulla da offrire.<\/p>\n<p align=\"JUSTIFY\">In tutta onest\u00e0, nella mia mente ho la forte convinzione che l\u2019essenza della vita sia solo ottenere la realizzazione di bodhicitta e della vacuit\u00e0. Nonostante sia difficile, il mio desiderio principale \u00e8 quello di ottenere una fede indistruttibile in queste due [bodhicitta e vacuit\u00e0] prima di morire. Se non posso aiutare le persone a generare queste cose dentro di loro, allora il nostro incontro \u00e8 solo una perdita di tempo. Oltre questo, sono la pi\u00f9 povera dai punti di vista interiori, esteriori e segreti. Il miglior lato di me \u00e8 solo quello di aver incontrato il\u00a0<em>Dharma<\/em>\u00a0migliore, la pratica migliore e i maestri migliori.\u201d<\/p>\n<p align=\"JUSTIFY\"><strong>Ven Roger Kunsang<\/strong>: \u201cQuando hai sentito per la prima volta di essere una\u00a0<em>dakini<\/em>?\u201d<\/p>\n<p align=\"JUSTIFY\"><strong>Khandro-la: \u201c<\/strong>Io penso sempre di non essere una\u00a0<em>dakini<\/em>. Non so chi sono. Alcuni lama dicono che sono\u00a0<em>Khandro Yeshe Tzogyal<\/em>, altri dicono che sono\u00a0<em>Vajrayogini<\/em>, altri ancora dicono che sono Tara. Potrebbero essere le loro pure apparenze. Io non mi considero nulla di speciale. Quando ero bambina alcuni mi dicevano che ero una pazza. Altri dicevano che ero una\u00a0<em>dakini<\/em>. Non lo so. La cosa di cui sono certa \u00e8 che ho forti impronte karmiche, perch\u00e9 sono molto vicina a Sua Santit\u00e0 e a molti altri grandi lama in Tibet e fuori dal Tibet. Alcuni lama dal Tibet, che non ho nemmeno mai conosciuto, mi esprimono il loro amore, il loro rispetto, buoni auguri e spesso offerte e preghiere. Un\u2019altra ragione \u00e8 che a volte le parole che esprimono la visione della vacuit\u00e0 escono spontaneamente dalla mia bocca \u2013 qualcosa che non ho mai udito e studiato prima \u2013 ma in seguito non mi ricordo cosa ho detto.\u201d<\/p>\n<p align=\"JUSTIFY\"><strong>Ven Roger Kunsang<\/strong>: \u201cPotresti dire qualcosa sui modi in cui puoi aiutare il Dalai Lama?\u201d<\/p>\n<p><img loading=\"lazy\" decoding=\"async\" class=\"wp-image-5344 alignright\" src=\"https:\/\/www.fpmt.it\/wp-content\/uploads\/2021\/02\/33376999_2273938999284676_4908329711525953536_n.jpg\" sizes=\"auto, (max-width: 624px) 100vw, 624px\" srcset=\"https:\/\/www.fpmt.it\/wp-content\/uploads\/2021\/02\/33376999_2273938999284676_4908329711525953536_n-200x133.jpg 200w, https:\/\/www.fpmt.it\/wp-content\/uploads\/2021\/02\/33376999_2273938999284676_4908329711525953536_n-300x200.jpg 300w, https:\/\/www.fpmt.it\/wp-content\/uploads\/2021\/02\/33376999_2273938999284676_4908329711525953536_n-400x266.jpg 400w, https:\/\/www.fpmt.it\/wp-content\/uploads\/2021\/02\/33376999_2273938999284676_4908329711525953536_n-600x399.jpg 600w, https:\/\/www.fpmt.it\/wp-content\/uploads\/2021\/02\/33376999_2273938999284676_4908329711525953536_n-768x511.jpg 768w, https:\/\/www.fpmt.it\/wp-content\/uploads\/2021\/02\/33376999_2273938999284676_4908329711525953536_n-800x532.jpg 800w, https:\/\/www.fpmt.it\/wp-content\/uploads\/2021\/02\/33376999_2273938999284676_4908329711525953536_n.jpg 876w\" alt=\"\" width=\"624\" height=\"415\" \/><\/p>\n<p align=\"JUSTIFY\"><strong>Khandro-la:<\/strong>\u00a0\u201cHo un obiettivo: c\u2019\u00e8 un vasto ed eccezionale lignaggio di insegnamenti, iniziazioni e istruzioni del\u00a0<em>Grande Quinto Dalai Lama<\/em>. Sono passati circa 360 anni da quando li ha rivelati per la prima volta e da allora \u00e8 stato impossibile rivelarli completamente di nuovo. Sento una connessione karmica molto forte con questo speciale lignaggio, e quindi il mio unico desiderio \u00e8 ripristinare questo lignaggio completo per Sua Santit\u00e0. Pu\u00f2 trasmetterlo a molti altri e io stessa mi sento molto interessata alla pratica di questo lignaggio.<\/p>\n<p align=\"JUSTIFY\">Inoltre, ho un piano per un centro di ritiro appositamente dedicato a questa pratica. Vorrei che un piccolo gruppo di praticanti seri si riunisse l\u00ec. Potrebbero essere dei\u00a0<em>ghesce<\/em>\u00a0che hanno completato gli studi della\u00a0<em>Madhyamaka Prajnaparamita<\/em>\u00a0e che sono fortemente determinati nella pratica ma cercano un ambiente favorevole. Se riuscir\u00f2 a raggiungere questo obiettivo, sar\u00e0 una bellissima offerta per Sua Santit\u00e0 che, ne sono convinta, costituir\u00e0 una causa decisiva per la sua lunga vita. Questo \u00e8 un insegnamento molto importante che \u00e8 connesso a questo mondo nel suo insieme, e non c\u2019\u00e8 alcun dubbio che sia importante altres\u00ec per la causa tibetana. Penso che, quando Sua Santit\u00e0 chiama Lama Zopa Rinpoce e Dagri Rinpoce suoi amati discepoli, intende dire che \u00e8 a causa della loro relazione con questo lignaggio.\u201d<\/p>\n<p align=\"JUSTIFY\"><strong>Ven Roger Kunsang<\/strong>: \u201cGrazie!\u201d<\/p>\n<hr \/>\n<p align=\"JUSTIFY\"><strong>Tradotto da<\/strong>: Francesco Morgese<br \/>\n<strong>In foto:<\/strong>\u00a0Rangjung Neljorma Khadro Namsel Drolma (Khandro-la), Pomaia (PI), Maggio 2018<br \/>\nPhoto courtesy: Piero Sirianni<\/div><\/div>\n","protected":false},"excerpt":{"rendered":"<p>Vi proponiamo qui un estratto dell\u2019intervista realizzata dal Ven. Roger Kunsang e pubblicata su FPMT Mandala Magazine, Agosto 2008: Ven. Roger Kunsang: \u201cPotresti dirmi perch\u00e9 hai lasciato il Tibet?\u201d Khandro-la:&#8230;<\/p>\n","protected":false},"author":1,"featured_media":0,"parent":0,"menu_order":0,"comment_status":"closed","ping_status":"closed","template":"","meta":{"footnotes":""},"class_list":["post-26094","page","type-page","status-publish","hentry"],"_links":{"self":[{"href":"https:\/\/www.cenresig.org\/final\/wp-json\/wp\/v2\/pages\/26094","targetHints":{"allow":["GET"]}}],"collection":[{"href":"https:\/\/www.cenresig.org\/final\/wp-json\/wp\/v2\/pages"}],"about":[{"href":"https:\/\/www.cenresig.org\/final\/wp-json\/wp\/v2\/types\/page"}],"author":[{"embeddable":true,"href":"https:\/\/www.cenresig.org\/final\/wp-json\/wp\/v2\/users\/1"}],"replies":[{"embeddable":true,"href":"https:\/\/www.cenresig.org\/final\/wp-json\/wp\/v2\/comments?post=26094"}],"version-history":[{"count":4,"href":"https:\/\/www.cenresig.org\/final\/wp-json\/wp\/v2\/pages\/26094\/revisions"}],"predecessor-version":[{"id":26099,"href":"https:\/\/www.cenresig.org\/final\/wp-json\/wp\/v2\/pages\/26094\/revisions\/26099"}],"wp:attachment":[{"href":"https:\/\/www.cenresig.org\/final\/wp-json\/wp\/v2\/media?parent=26094"}],"curies":[{"name":"wp","href":"https:\/\/api.w.org\/{rel}","templated":true}]}}