{"id":26102,"date":"2023-01-12T09:43:28","date_gmt":"2023-01-12T08:43:28","guid":{"rendered":"https:\/\/www.cenresig.org\/final\/?page_id=26102"},"modified":"2023-01-12T09:44:04","modified_gmt":"2023-01-12T08:44:04","slug":"venerabile-robina-courtin","status":"publish","type":"page","link":"https:\/\/www.cenresig.org\/final\/venerabile-robina-courtin\/","title":{"rendered":"Venerabile Robina Courtin"},"content":{"rendered":"<div class=\"row \"><div class=\"wpv-grid grid-1-1  wpv-first-level first unextended\" style=\"padding-top:0px;padding-bottom:0px\" id=\"wpv-column-af5c6b4385a22a5fc296917929395be9\" ><p><img loading=\"lazy\" decoding=\"async\" class=\"size-full wp-image-26105 alignleft\" src=\"https:\/\/www.cenresig.org\/final\/wp-content\/uploads\/2023\/01\/Robina-Courtin.jpg\" alt=\"\" width=\"221\" height=\"320\" srcset=\"https:\/\/www.cenresig.org\/final\/wp-content\/uploads\/2023\/01\/Robina-Courtin.jpg 221w, https:\/\/www.cenresig.org\/final\/wp-content\/uploads\/2023\/01\/Robina-Courtin-207x300.jpg 207w\" sizes=\"auto, (max-width: 221px) 100vw, 221px\" \/><span class='dropcap2 '>V<\/span>en. Robina Courtin, monaca buddista di origine australiana con una forte personalit\u00e0.<br \/>\nLa sua storia \u00e8 caratterizzata da scelte estreme \u2013 dalla vita da hippy a comunista autodichiarata a femminista prima di essere attratta dal buddismo.<\/p>\n<p>Dopo essersi formata come cantante classica, si \u00e8 trasferita a Londra nel 1967, dove ha vissuto per quattro anni ed \u00e8 stata attivamente coinvolta nella sinistra radicale, lavorando principalmente con un gruppo di supporto con base a Londra per i prigionieri neri e chicano.<br \/>\nAll\u2019inizio degli anni \u201970 si dedic\u00f2 all\u2019attivismo femminista e torn\u00f2 a Melbourne nel 1972 per lavorare con altre femministe radicali. Nella sua ricerca di un percorso spirituale, Robina inizi\u00f2 anche a studiare arti marziali, prima a New York nel 1974 e poi a Melbourne nel 1976.<\/p>\n<p>Pi\u00f9 tardi, nel 1976, Robina frequent\u00f2 un corso di buddhismo tibetano nel Queensland e nel novembre 1977 viaggi\u00f2 al monastero di Kopan a Kathmandu, in Nepal, per ulteriori studi e divenne una studentessa di Lama Yeshe. Nel 1978 \u00e8 stata ordinata come monaca buddista a Dharamsala, in India.<\/p>\n<blockquote><p>\u201cQuando ho incontrato il buddismo ho avuto l\u2019impressione di aver ritrovato qualcosa che avevo perso precedentemente, perch\u00e9, dal punto di vista karmico, era qualcosa che avevo gi\u00e0 incontrato, nelle vite precedenti. Quando l\u2019ho sentito di nuovo, era come tornare a casa. \u201c<\/p><\/blockquote>\n<p>Negli ultimi 38 anni la Ven. Robina ha vissuto e lavorato per FPMT (Foundation for the Preservation of the Mahayana Tradition) come monaca buddista della tradizione tibetana. Oltre a viaggiare, insegnare e portare il Dharma a persone di ogni estrazione, ha ricoperto posizioni di redazione senior con\u00a0<em><strong>Wisdom Publications<\/strong><\/em>\u00a0e la\u00a0<em><strong>rivista Mandala<\/strong><\/em>.<\/p>\n<p>Nel 2000 ha fondato il Liberation Prison Project (LPP) per aiutare a trasformare la vita dei prigionieri in modo che possano far fronte alla vita del carcere. Ven. Robina visita regolarmente alcuni dei quartieri pi\u00f9 difficili e deserti delle carceri in Australia e negli Stati Uniti, parlando con gruppi e incontrando i prigionieri uno contro uno. Molti di questi uomini sono nel braccio della morte o hanno l\u2019ergastolo. La maggior parte \u00e8 stata in gang, sia per strada che in prigione.<\/p>\n<blockquote><p>\u201cHo una tale ammirazione per le persone che lottano per affrontare le difficolt\u00e0 della vita\u201d,<\/p><\/blockquote>\n<p>afferma.<br \/>\nI loro sforzi per comprendere le proprie menti e venire a patti con la vita in prigione, le tocca il cuore e ispira la propria pratica e la sua determinazione ad aiutare gli altri.<\/p>\n<p>Il film pluripremiato,\u00a0<a href=\"http:\/\/www.chasingbuddhafilm.com\/\"><strong>Chasing Buddha<\/strong><\/a>, documenta la vita e il lavoro di Robina con i detenuti nel braccio della morte nel penitenziario dello stato del Kentucky.<\/p>\n<p>La traduzione della psicologia buddista di Robina, senza fronzoli, ha creato un seguito in tutto il mondo e distrugge \u00a0i soliti stereotipi che pervadono la religione e lo\u00a0<em>spirituale<\/em>.<\/p>\n<blockquote><p>\u201cEssere buddista \u00e8 essere il tuo psicologo, essere il tuo terapeuta. Ci\u00f2 significa davvero imparare ad ascoltare ci\u00f2 che sta succedendo dentro\u201d,<\/p><\/blockquote>\n<p>dice Robina.<\/p>\n<blockquote><p>\u201cLa causa principale della miseria, delle nevrosi e dell\u2019infelicit\u00e0 nella nostra vita non \u00e8 l\u2019esterno, ma \u00e8 l\u2019interno\u201d.<\/p><\/blockquote><\/div><\/div>\n","protected":false},"excerpt":{"rendered":"<p>en. Robina Courtin, monaca buddista di origine australiana con una forte personalit\u00e0. La sua storia \u00e8 caratterizzata da scelte estreme \u2013 dalla vita da hippy a comunista autodichiarata a femminista&#8230;<\/p>\n","protected":false},"author":1,"featured_media":0,"parent":0,"menu_order":0,"comment_status":"closed","ping_status":"closed","template":"","meta":{"footnotes":""},"class_list":["post-26102","page","type-page","status-publish","hentry"],"_links":{"self":[{"href":"https:\/\/www.cenresig.org\/final\/wp-json\/wp\/v2\/pages\/26102","targetHints":{"allow":["GET"]}}],"collection":[{"href":"https:\/\/www.cenresig.org\/final\/wp-json\/wp\/v2\/pages"}],"about":[{"href":"https:\/\/www.cenresig.org\/final\/wp-json\/wp\/v2\/types\/page"}],"author":[{"embeddable":true,"href":"https:\/\/www.cenresig.org\/final\/wp-json\/wp\/v2\/users\/1"}],"replies":[{"embeddable":true,"href":"https:\/\/www.cenresig.org\/final\/wp-json\/wp\/v2\/comments?post=26102"}],"version-history":[{"count":2,"href":"https:\/\/www.cenresig.org\/final\/wp-json\/wp\/v2\/pages\/26102\/revisions"}],"predecessor-version":[{"id":26106,"href":"https:\/\/www.cenresig.org\/final\/wp-json\/wp\/v2\/pages\/26102\/revisions\/26106"}],"wp:attachment":[{"href":"https:\/\/www.cenresig.org\/final\/wp-json\/wp\/v2\/media?parent=26102"}],"curies":[{"name":"wp","href":"https:\/\/api.w.org\/{rel}","templated":true}]}}