{"id":26637,"date":"2025-01-18T13:38:29","date_gmt":"2025-01-18T12:38:29","guid":{"rendered":"https:\/\/www.cenresig.org\/final\/?page_id=26637"},"modified":"2026-02-28T23:38:54","modified_gmt":"2026-02-28T22:38:54","slug":"meditazione","status":"publish","type":"page","link":"https:\/\/www.cenresig.org\/final\/meditazione\/","title":{"rendered":"MEDITAZIONE"},"content":{"rendered":"<div class=\"row \"><div class=\"wpv-grid grid-1-1  wpv-first-level first unextended\" style=\"padding-top:0px;padding-bottom:0px\" id=\"wpv-column-4f4a9bd32445075ef8b4c7afea2b8eee\" ><blockquote><p>Nel buddhismo, lo scopo della meditazione \u00e8 trasformare la propria mente, tramite un\u2019abile e graduale attenuazione delle componenti dannose e l\u2019incremento di quelle benefiche.<\/p><\/blockquote><\/div><\/div>\n<div class=\"row \"><div class=\"wpv-grid grid-1-2  wpv-first-level first unextended\" style=\"padding-top:0px;padding-bottom:0px\" id=\"wpv-column-9a15a7f64e21d3832416068be99a2ed9\" ><div class=\"push\" style='height:40px'><\/div>\n<h4 style=\"text-align: left;\">INCONTRI DI MEDITAZIONE<\/h4>\n<p><u><span style=\"color: #990000;\"><strong>MEDITAZIONE DEL LUNEDI&#8217; (ON LINE)<\/strong><\/span><\/u><br \/>\n<span style=\"color: #990000;\"><strong>per iniziare una settimana pi\u00f9 significativa<\/strong><\/span><br \/>\n<strong>DA LUNEDI&#8217; 12 GENNAIO<\/strong><br \/>\n<strong>Meditazioni <u>ON LINE\u00a0<\/u>con Elena D&#8217;Agostino*<br \/>\n16 appuntamenti per meditare insieme dalle 18,30 alle 19,30<br \/>\ntutti i luned\u00ec.<\/strong><\/p>\n<p><u><span style=\"color: #990000;\"><strong>MEDITAZIONE DEL MERCOLEDI&#8217;<\/strong><\/span><\/u><br \/>\n<span style=\"color: #990000;\"><strong>per iniziare una settimana pi\u00f9 significativa<\/strong><\/span><br \/>\n<strong>DA MERCOLEDI&#8217; 4 MARZO<\/strong><br \/>\n<strong>Meditazioni <u>IN PRESENZA <\/u>con Sandro Sabioni**<br \/>\n16 appuntamenti per meditare insieme dalle 19,00 alle 20,00<br \/>\ntutti i mercoled\u00ec.<\/strong><\/p>\n<p>Per info e prenotazioni chiama il Tel. 320 0291791 oppure scrivi a\u00a0<a href=\"mailto:info.cenresig@gmail.com\">info.cenresig@gmail.com<\/a><\/p>\n<p>*Elena D&#8217;Agostino ha frequentato i programmi di studio FPMT sul Buddhismo Mahayana all\u2019Istituto Lama Tzong Khapa di Pomaia (Discovering Buddhism, Basic Program e due soggetti sul Tantra al Master Program). \u00c8 stata monaca, ricevendo l\u2019ordinazione da Ghesce Ciampa Ghiatso, dal 2005 al 2010.<br \/>\nHa seguito alcuni corsi di Disegno di Thangka all\u2019ILTK a Pomaia e ha disegnato i loghi dei Centri FPMT Italia secondo le indicazioni di Lama Zopa Rinpoce.Diplomata al Liceo Artistico di Bologna, laureata al DAMS in Sistemi grafici a Bologna, vive a Guardistallo e lavora come grafica, pittrice, illustratrice e insegnante di corsi di disegno e acquerello.<br \/>\nInsegnante FPMT conduce corsi di meditazione e Buddhismo all\u2019Istituto Lama Tzong Khapa di Pomaia (Camminare meditando, Coloring).<\/p>\n<p>**Sandro Sabioni nasce a Bologna. Ha conseguito una laurea in psicologia e da oltre trent\u2019anni ricerca e studia relativamente alle filosofie umanistiche e religiose antiche, con particolare attenzione a quelle orientali e mediorientali.<br \/>\nSin dai primi anni 90 ha approcciato al Buddismo di scuola Ghelupa, incontrando il suo Maestro, il Lama Tibetano Thubten Zopa Rinpoche, ricevendo numerosi insegnamenti.<\/div>\n<div class=\"wpv-grid grid-1-2  wpv-first-level unextended\" style=\"padding-top:0px;padding-bottom:0px\" id=\"wpv-column-e991084462a7d2b36b7617e72d14a5e4\" ><div class=\"row \"><div class=\"wpv-grid grid-1-1  first unextended\" style=\"padding-top:0px;padding-bottom:0px\" id=\"wpv-column-7f7fdf3ca2deaee09efd4efb1e9b7ca5\" ><div class=\"wpv-accordion-wrapper\"><div class=\"accordion\" data-collapsible=\"1\"><h4 class=\"tab\"><div class=\"inner\">16 meditazioni sui valori fondamentali <\/div><\/h4><div class=\"pane\"><div class=\"inner\"><div class=\"row \"><div class=\"wpv-grid grid-1-1  first unextended\" style=\"padding-top:0px;padding-bottom:0px\" id=\"wpv-column-d130fe335de8c7b79247a3280764d719\" ><p>1 &#8211; Umilt\u00e0: essere disposti e capaci di imparare dagli altri<br \/>\n2 &#8211; Pazienza: per coltivare una mente calma e spaziosa<br \/>\n3 &#8211; Gioia: per godere di ci\u00f2 che siamo e di ci\u00f2 che abbiamo<br \/>\n4 &#8211; Diletto: per gioire della buona sorte degli altri<br \/>\n5 &#8211; Gentilezza: essere amichevoli, premurosi e premurosi<br \/>\n6 &#8211; Onest\u00e0: agire con trasparenza e correttezza<br \/>\n7 &#8211; Generosit\u00e0: dare senza aspettarsi nulla in cambio<br \/>\n8 &#8211; Parlare in modo corretto: per parlare con perspicacia e sensibilit\u00e0<br \/>\n9 &#8211; Rispetto: per onorare le persone con una comprensione e un&#8217;esperienza di vita pi\u00f9 profonde<br \/>\n10 &#8211; per lasciar andare il risentimento e la rabbia verso noi stessi e gli altri<br \/>\n11 &#8211; Perdono: riconoscere e ripagare la gentilezza degli altri<br \/>\n12 &#8211; Amorevolezza: essere di buon cuore e affidabili in tutte le nostre relazioni<br \/>\n13 &#8211; Aspirazione: cercare uno stile di vita appagante che eviti di causare danni<br \/>\n14 &#8211; Principi: sviluppare valori interiori sinceri e stabili ed evitare influenze dannose<br \/>\n15 &#8211; Servizievoli: per aiutare e beneficiare gli altri in ogni modo possibile<br \/>\n16 &#8211; Coraggio: accettare le responsabilit\u00e0 e le sfide con calma determinazione<\/div><\/div><\/div><\/div><h4 class=\"tab\"><div class=\"inner\">La meditazione nel buddhismo<\/div><\/h4><div class=\"pane\"><div class=\"inner\"><div class=\"row \"><div class=\"wpv-grid grid-1-1  first unextended\" style=\"padding-top:0px;padding-bottom:0px\" id=\"wpv-column-86a8a2afc82119b0cc1b688adb6d3994\" ><p>Nel buddhismo, la meditazione \u00e8 considerata un sentiero verso la liberazione dalle sofferenze di varia natura per arrivare all\u2019illuminazione. Molte tecniche di meditazione che oggi sono insegnate e praticate nei centri FPMT provengono dalla tradizione orale, trasmessa in un lignaggio ininterrotto da Maestro a discepolo nel corso di 2500 anni, e da quella scritta in antichi testi, nelle varie lingue.<\/p>\n<p>La meditazione buddhista pu\u00f2 essere suddivisa in due grandi gruppi: meditazione per lo sviluppo del calmo dimorare (samatha), dove la mente raggiunge una condizione di calma concentrativa; meditazione per la comprensione profonda (vipassana), che \u00e8 analisi corretta e comprensione diretta di se stessi e della natura dei fenomeni. Praticando le meditazioni buddhiste tibetane, le qualit\u00e0 positive della mente si sviluppano e ci sostengono nella nostra evoluzione interiore. Con la mente tranquilla che deriva dalla pratica del calmo dimorare, si riducono progressivamente la turbolenza dei pensieri e l\u2019agitazione; successivamente, con la concentrazione analitica \u00e8 possibile coltivare la comprensione profonda.<\/p>\n<p>La comprensione profonda e il calmo dimorare praticati insieme favoriscono lo sviluppo completo delle nostre potenzialit\u00e0 e delle qualit\u00e0 positive come l\u2019amore e la compassione.<\/div><\/div><\/div><\/div><h4 class=\"tab\"><div class=\"inner\">Benefici della meditazione<\/div><\/h4><div class=\"pane\"><div class=\"inner\"><div class=\"row \"><div class=\"wpv-grid grid-1-1  first unextended\" style=\"padding-top:0px;padding-bottom:0px\" id=\"wpv-column-e35deea4d19be76b07c6363e5d463ab6\" ><p>La meditazione pu\u00f2 essere usata per rilassarsi. Il rilassamento pu\u00f2 aiutarci a sentirci meglio e favorire il nostro benessere generale. Come esseri umani, tuttavia, abbiamo un immenso potenziale inutilizzato che la meditazione pu\u00f2 aiutare a sviluppare. In tal senso, la meditazione \u00e8 un metodo per coltivare una pratica spirituale e contemporaneamente sostenere la salute fisica e mentale.<\/p>\n<p>In Occidente sono stati confrontati i risultati di numerose ricerche scientifiche sugli effetti della meditazione. Gran parte di questi studi concordano sul fatto che la meditazione modifica le onde gamma del cervello e che aumentano e decrescono determinate attivit\u00e0 in aree specifiche del cervello, correlate con le emozioni e le funzioni di concentrazione e attenzione. In conseguenza di tali studi, in Occidente attualmente si tengono corsi di formazione per operatori nel campo sociale e corsi di meditazione sia per alleviare le malattie fisiche e mentali, sia come parte di trattamenti di prevenzione o convalescenza.<\/p>\n<h3>Benefici della meditazione nella pratica spirituale<\/h3>\n<p>Nel buddhismo, lo scopo della meditazione \u00e8 trasformare la propria mente, tramite un\u2019abile e graduale attenuazione delle componenti dannose e l\u2019incremento di quelle benefiche.<\/p>\n<h3>Benefici della meditazione sul corpo<\/h3>\n<p>In base alle ricerche scientifiche esistenti, sembra accertato che gli effetti biofisici della meditazione compaiono gi\u00e0 nei primi giorni della pratica. Studi recenti ancora in corso indicano che nel corpo avviene una serie di cambiamenti fisici e biochimici che influenzano positivamente il metabolismo, il battito cardiaco, la respirazione, e l\u2019attivit\u00e0 cerebrale. Il miglioramento fisico dopo la meditazione pu\u00f2 determinare una pressione sanguigna pi\u00f9 regolare, la riduzione del panico cronico, dell\u2019ansia e di rilevanti sintomi di depressione.<\/p>\n<h3>Benefici della meditazione per la nostra mente<\/h3>\n<p>Dall\u2019osservazione scientifica di meditatori rappresentativi, si rileva una loro significativa riduzione dell\u2019agitazione e un altrettanto significativo incremento dell\u2019abilit\u00e0 a gestire lo stress; migliora significativamente anche la durata dell\u2019attenzione, la soddisfazione e il senso generale di benessere.<\/p>\n<p><em>La meditazione di consapevolezza \u00e8 ormai entrata a far parte dell\u2019ambito della prevenzione, perch\u00e9 l\u2019evidenza ha suggerito una correlazione positiva tra la pratica e la salute fisica ed emozionale. I ricercatori dell\u2019 University of Massachusetts (USA) hanno rilevato che le persone che meditano circa mezz\u2019ora al giorno sono pi\u00f9 capaci di agire in uno stato di consapevolezza e di lucidit\u00e0 mentale. Le stesse persone hanno anche affermato di sentirsi meno propense al giudizio.<\/em><\/p>\n<p>(Harvard\u2019s Women\u2019s Health Watch, 2011)<\/div><\/div><\/div><\/div><\/div><\/div><\/div><\/div><\/div><\/div>\n","protected":false},"excerpt":{"rendered":"<p>Nel buddhismo, lo scopo della meditazione \u00e8 trasformare la propria mente, tramite un\u2019abile e graduale attenuazione delle componenti dannose e l\u2019incremento di quelle benefiche. INCONTRI DI MEDITAZIONE MEDITAZIONE DEL LUNEDI&#8217;&#8230;<\/p>\n","protected":false},"author":1,"featured_media":26672,"parent":0,"menu_order":0,"comment_status":"closed","ping_status":"closed","template":"","meta":{"footnotes":""},"class_list":["post-26637","page","type-page","status-publish","has-post-thumbnail","hentry"],"_links":{"self":[{"href":"https:\/\/www.cenresig.org\/final\/wp-json\/wp\/v2\/pages\/26637","targetHints":{"allow":["GET"]}}],"collection":[{"href":"https:\/\/www.cenresig.org\/final\/wp-json\/wp\/v2\/pages"}],"about":[{"href":"https:\/\/www.cenresig.org\/final\/wp-json\/wp\/v2\/types\/page"}],"author":[{"embeddable":true,"href":"https:\/\/www.cenresig.org\/final\/wp-json\/wp\/v2\/users\/1"}],"replies":[{"embeddable":true,"href":"https:\/\/www.cenresig.org\/final\/wp-json\/wp\/v2\/comments?post=26637"}],"version-history":[{"count":19,"href":"https:\/\/www.cenresig.org\/final\/wp-json\/wp\/v2\/pages\/26637\/revisions"}],"predecessor-version":[{"id":27345,"href":"https:\/\/www.cenresig.org\/final\/wp-json\/wp\/v2\/pages\/26637\/revisions\/27345"}],"wp:featuredmedia":[{"embeddable":true,"href":"https:\/\/www.cenresig.org\/final\/wp-json\/wp\/v2\/media\/26672"}],"wp:attachment":[{"href":"https:\/\/www.cenresig.org\/final\/wp-json\/wp\/v2\/media?parent=26637"}],"curies":[{"name":"wp","href":"https:\/\/api.w.org\/{rel}","templated":true}]}}