{"id":37,"date":"2013-03-22T14:19:51","date_gmt":"2013-03-22T14:19:51","guid":{"rendered":"https:\/\/church-event.vamtam.com\/?page_id=31"},"modified":"2025-12-09T19:28:17","modified_gmt":"2025-12-09T18:28:17","slug":"contact-us","status":"publish","type":"page","link":"https:\/\/www.cenresig.org\/final\/pages\/contact-us\/","title":{"rendered":"Contattaci"},"content":{"rendered":"<div class=\"row \"><div class=\"wpv-grid grid-2-5  wpv-first-level first unextended\" style=\"padding-top:0px;padding-bottom:0px\" id=\"wpv-column-1ee90d098300c9c259743ff5ba6b34d0\" ><h2 class='column-title'>Hai una domanda?<\/h2><p>\n<div class=\"wpcf7 no-js\" id=\"wpcf7-f24755-o1\" lang=\"it-IT\" dir=\"ltr\" data-wpcf7-id=\"24755\">\n<div class=\"screen-reader-response\"><p role=\"status\" aria-live=\"polite\" aria-atomic=\"true\"><\/p> <ul><\/ul><\/div>\n<form action=\"\/final\/wp-json\/wp\/v2\/pages\/37#wpcf7-f24755-o1\" method=\"post\" class=\"wpcf7-form init\" aria-label=\"Modulo di contatto\" novalidate=\"novalidate\" data-status=\"init\">\n<fieldset class=\"hidden-fields-container\"><input type=\"hidden\" name=\"_wpcf7\" value=\"24755\" \/><input type=\"hidden\" name=\"_wpcf7_version\" value=\"6.1.2\" \/><input type=\"hidden\" name=\"_wpcf7_locale\" value=\"it_IT\" \/><input type=\"hidden\" name=\"_wpcf7_unit_tag\" value=\"wpcf7-f24755-o1\" \/><input type=\"hidden\" name=\"_wpcf7_container_post\" value=\"0\" \/><input type=\"hidden\" name=\"_wpcf7_posted_data_hash\" value=\"\" \/>\n<\/fieldset>\n<p><label> Il tuo nome<br \/>\n<span class=\"wpcf7-form-control-wrap\" data-name=\"your-name\"><input size=\"40\" maxlength=\"400\" class=\"wpcf7-form-control wpcf7-text wpcf7-validates-as-required\" autocomplete=\"name\" aria-required=\"true\" aria-invalid=\"false\" value=\"\" type=\"text\" name=\"your-name\" \/><\/span> <\/label>\n<\/p>\n<p><label> La tua email<br \/>\n<span class=\"wpcf7-form-control-wrap\" data-name=\"your-email\"><input size=\"40\" maxlength=\"400\" class=\"wpcf7-form-control wpcf7-email wpcf7-validates-as-required wpcf7-text wpcf7-validates-as-email\" autocomplete=\"email\" aria-required=\"true\" aria-invalid=\"false\" value=\"\" type=\"email\" name=\"your-email\" \/><\/span> <\/label>\n<\/p>\n<p><label> Oggetto<br \/>\n<span class=\"wpcf7-form-control-wrap\" data-name=\"your-subject\"><input size=\"40\" maxlength=\"400\" class=\"wpcf7-form-control wpcf7-text wpcf7-validates-as-required\" aria-required=\"true\" aria-invalid=\"false\" value=\"\" type=\"text\" name=\"your-subject\" \/><\/span> <\/label>\n<\/p>\n<p><label> Il tuo messaggio (facoltativo)<br \/>\n<span class=\"wpcf7-form-control-wrap\" data-name=\"your-message\"><textarea cols=\"40\" rows=\"10\" maxlength=\"2000\" class=\"wpcf7-form-control wpcf7-textarea\" aria-invalid=\"false\" name=\"your-message\"><\/textarea><\/span> <\/label>\n<\/p>\n<p><input class=\"wpcf7-form-control wpcf7-submit has-spinner\" type=\"submit\" value=\"Invia\" \/>\n<\/p><div class=\"wpcf7-response-output\" aria-hidden=\"true\"><\/div>\n<\/form>\n<\/div>\n<\/div>\n<div class=\"wpv-grid grid-3-5  wpv-first-level unextended\" style=\"padding-top:0px;padding-bottom:0px\" id=\"wpv-column-711473c7706a59052b2a4c6e8f21b1c6\" ><div class=\"row \"><div class=\"wpv-grid grid-1-2  first unextended\" style=\"padding-top:0px;padding-bottom:0px\" id=\"wpv-column-c5f8ed50d2524816deef277f9530f99f\" ><p style=\"text-align: center;\"><span class='icon shortcode theme ' style='font-size:40px !important;color:#D14D42;'>&#57432;<\/span>\n<div><strong>Vi informiamo che per tutto il mese di agosto il Centro Studi Cenresig sar\u00e0 chiuso per la pausa estiva.<\/strong><\/div>\n<div>La data di ripresa delle attivit\u00e0 sar\u00e0 il 1\u00b0 settembre.<br \/>\nLa mail o la domanda inviataci verr\u00e0 letta alla riapertura.<\/div>\n<p style=\"text-align: center;\"><span class='icon shortcode theme ' style='font-size:40px !important;color:#D14D42;'>&#57464;<\/span>\n<h4 class=\"short accent-color\">BOLOGNA<br \/>\nVia dell&#8217;Idraulico 13<\/h4>\n<p><strong>COME RAGGIUNGERCI<\/strong><\/p>\n<p><strong><u>LINEA TPER BOLOGNA-PORTOMAGGIORE<\/u><br \/>\nPartenza da: Autostazione Bologna\u00a0<\/strong>(vicina a Stazione Centrale)<br \/>\n<strong>Fermata: Bologna Roveri\u00a0<\/strong>(10 minuti a piedi)<br \/>\n<strong><a href=\"https:\/\/cenresig.us10.list-manage.com\/track\/click?u=039632f1c20e8b3ecbc8b6de6&amp;id=dc6ea8f2d4&amp;e=ad3e31ea43\" target=\"_blank\" rel=\"noopener\" data-saferedirecturl=\"https:\/\/www.google.com\/url?q=https:\/\/cenresig.us10.list-manage.com\/track\/click?u%3D039632f1c20e8b3ecbc8b6de6%26id%3Ddc6ea8f2d4%26e%3Dad3e31ea43&amp;source=gmail&amp;ust=1765390844257000&amp;usg=AOvVaw3YuRbXyEyt-37lV0j33tly\">Tabella orari anche serali<\/a><\/strong><\/p>\n<p><strong><u>DESTINAZIONE DELLE LINEE BUS<\/u><br \/>\nMuratore,\u00a0<\/strong>4 min a piedi<br \/>\n<strong>Roveri Stazione,\u00a0<\/strong>10 min a piedi<br \/>\n<strong>Roveri,\u00a0<\/strong>14 min a piedi<\/p>\n<p><strong><u>IN AUTOMOBILE<\/u><br \/>\nTangenziale uscita ROVERI NR.10\u00a0<\/strong><br \/>\nIl luogo \u00e8 agevolmente raggiungibile in auto.<br \/>\nAmpia possibilit\u00e0 di parcheggio.<\/div>\n<div class=\"wpv-grid grid-1-2  unextended\" style=\"padding-top:0px;padding-bottom:0px\" id=\"wpv-column-9894c88aeb0f6d13e9b67de4286ea6a5\" ><p style=\"text-align: center;\"><span class='icon shortcode  ' style='font-size:40px !important;color:#D14D42;'>&#57774;<\/span>\n<p style=\"text-align: center;\"><strong>NO BARRIERE!<\/strong><br \/>\nL\u2019accesso ai disabili \u00e8 garantito da una rampa di accesso direttamente nel Gompa.<br \/>\n<strong>Il centro \u00e8 dotato di servizi igienici a norma per i disabili.<\/strong><\/p>\n<hr \/>\n<p style=\"text-align: center;\"><span class='icon shortcode  ' style='font-size:40px !important;color:#D14D42;'>&#57934;<\/span>\n<p>Abbiamo il piacere di annunciare la nomina di Maria Grazia Maffia come Direttrice del Centro Cenresig dal 14 febbraio 2019: la mail per scrivere al Centro rimane\u00a0<a href=\"mailto:info.cenresig@gmail.com\"><strong>info.cenresig@gmail.com<\/strong><\/a>\u00a0e alla Direttrice \u00e8\u00a0<strong><a href=\"mailto:director.cenresig@gmail.com\">director.cenresig@gmail.com<\/a><\/strong>.<br \/>\nPer informazioni: \u00a0<strong>+39 320 029 1791<\/strong>\u00a0<em>da marted\u00ec a venerd\u00ec dalle 17:00 fino alle 20:00<\/em>;\u00a0e nei fine settimana impegnati con insegnamenti.<\/div><\/div><\/div><\/div>\n","protected":false},"excerpt":{"rendered":"<p>Vi informiamo che per tutto il mese di agosto il Centro Studi Cenresig sar\u00e0 chiuso per la pausa estiva. La data di ripresa delle attivit\u00e0 sar\u00e0 il 1\u00b0 settembre. La&#8230;<\/p>\n","protected":false},"author":1,"featured_media":0,"parent":30,"menu_order":3,"comment_status":"closed","ping_status":"closed","template":"","meta":{"footnotes":""},"class_list":["post-37","page","type-page","status-publish","hentry"],"_links":{"self":[{"href":"https:\/\/www.cenresig.org\/final\/wp-json\/wp\/v2\/pages\/37","targetHints":{"allow":["GET"]}}],"collection":[{"href":"https:\/\/www.cenresig.org\/final\/wp-json\/wp\/v2\/pages"}],"about":[{"href":"https:\/\/www.cenresig.org\/final\/wp-json\/wp\/v2\/types\/page"}],"author":[{"embeddable":true,"href":"https:\/\/www.cenresig.org\/final\/wp-json\/wp\/v2\/users\/1"}],"replies":[{"embeddable":true,"href":"https:\/\/www.cenresig.org\/final\/wp-json\/wp\/v2\/comments?post=37"}],"version-history":[{"count":15,"href":"https:\/\/www.cenresig.org\/final\/wp-json\/wp\/v2\/pages\/37\/revisions"}],"predecessor-version":[{"id":27285,"href":"https:\/\/www.cenresig.org\/final\/wp-json\/wp\/v2\/pages\/37\/revisions\/27285"}],"up":[{"embeddable":true,"href":"https:\/\/www.cenresig.org\/final\/wp-json\/wp\/v2\/pages\/30"}],"wp:attachment":[{"href":"https:\/\/www.cenresig.org\/final\/wp-json\/wp\/v2\/media?parent=37"}],"curies":[{"name":"wp","href":"https:\/\/api.w.org\/{rel}","templated":true}]}}