{"id":42,"date":"2013-03-22T14:41:18","date_gmt":"2013-03-22T14:41:18","guid":{"rendered":"https:\/\/church-event.vamtam.com\/?page_id=37"},"modified":"2023-01-09T23:14:13","modified_gmt":"2023-01-09T22:14:13","slug":"cenresig","status":"publish","type":"page","link":"https:\/\/www.cenresig.org\/final\/pages\/cenresig\/","title":{"rendered":"Chi siamo"},"content":{"rendered":"<div class=\"push\" style='height:30px'><\/div>\n<div class=\"row \"><div class=\"wpv-grid grid-1-1  wpv-first-level first unextended\" style=\"padding-top:0px;padding-bottom:0px\" id=\"wpv-column-44f9fb202c8684a7c80799411b368c72\" ><span class='dropcap2 '>I<\/span>l <strong>Centro Studi Cenresig<\/strong> \u00e8 un\u2019associazione senza scopo di lucro, con sede a Bologna, votata allo studio del buddhismo tibetano della tradizione Mahayana e alla promozione dei valori di etica secolare del Buddismo. Il centro \u00e8 stato fondato nel 1983 da Lama Thubten Zopa Rinpoche, e ne \u00e8 il direttore spirituale.<\/p>\n<p>Il Centro Studi Cenresig propone corsi di breve e media durata sulla filosofia, psicologia e meditazione buddhista di millenaria saggezza, tramandata ininterrottamente dal <strong>Buddha Shakyamuni<\/strong> fino a giorni nostri; questi corsi sono diretti da Maestri e studiosi laici altamente qualificati che gradualmente accompagneranno gli studenti in un percorso di addestramento mentale, di crescita e sviluppo spirituale, le cui basi sono la compassione, la saggezza, l\u2019altruismo e la gentilezza amorevole verso tutti gli esseri senzienti.<\/p>\n<p>I corsi sono strutturati in modo da permettere a praticanti buddisti e a semplici persone interessate al Buddhismo di seguire corsi base di introduzione al Buddismo o corsi avanzati, a seconda delle proprie capacit\u00e0 ed interesse.<\/p>\n<p>Il Centro fa parte della <strong>F.P.M.T. &#8211; Fondazione per la Preservazione della Tradizione Mahayana<\/strong> (fondato da <strong>Lama Thubten Yeshe<\/strong> e <strong>Kyabje Thubten Zopa Rinpoche<\/strong>), una rete internazionale di pi\u00f9 di 180 centri di Dharma (<a href=\"http:\/\/www.fpmt.org\/\" target=\"_blank\" rel=\"noopener\">www.fpmt.org<\/a>), e dell\u2019<strong>UBI &#8211; Unione Buddista Italiana<\/strong>.<\/p>\n<p>I nostri Maestri e insegnanti seguono la tradizione del buddhismo mahayana secondo la scuola tibetana Ghelug, il cui fondatore \u00e8 Lama Tzong Khapa (1357-1414); il massimo rappresentate della scuola Ghelug \u00e8\u00a0<strong>S.S. Tenzin Gyatso il XIV Dalai Lama<\/strong> del Tibet.\u00a0Pertanto il Centro si pone\u00a0sotto la sua protezione spirituale, e in osservanza delle Sue indicazioni, esclude da qualsiasi attivit\u00e0 del Centro Studi Cenresig la pratica di Shugden (<a href=\"http:\/\/www.cenresig.org\/?p=592\">leggi il documento ufficiale<\/a>).<\/p>\n<p>A febbraio 2019 \u00e8 stata nominata la nuova direttrice, che si sussegue a Sergio Carrara, Maria Grazia Maffia (<span style=\"line-height: 1.5;\"><a href=\"mailto:director.cenresig@gmail.com\">director.cenresig@gmail.com<\/a><\/span>).<br \/>\nNel mese di maggio 2019\u00a0\u00e8 stato rinnovato il direttivo del Centro Studi Cenresig all&#8217;unanimit\u00e0, che cos\u00ec si compone:<br \/>\nMaffia Maria Grazia (Presidentessa)<br \/>\nAccursi Michele (Vice-Presidente)<br \/>\nBombardi Cristiano (Consigliere)<br \/>\nFiorini Velia (Consigliere)<br \/>\nRigaccini Antonella (Consigliere)<\/p>\n<p>Per contattarci scrivere a <a style=\"line-height: 1.5;\" href=\"mailto:info.cenresig@gmail.com\">info.cenresig@gmail.com<\/a><\/p>\n<blockquote><p>\u201cLo scopo del Centro \u00e8 prodigarsi per gli altri. Questo \u00e8 un Centro internazionale, aperto a tutti, a ogni persona di qualunque etnia, nazionalit\u00e0 e retroterra socio-culturale. E\u2019 un luogo dove imparare come liberare la mente dalle concezioni dannose profondamente radicate e come vivere in armonia con gli altri, mettendo la meditazione in pratica nella vita quotidiana.\u201d<\/p><\/blockquote>\n<p>Il fondatore dell\u2019FPMT,\u00a0<strong>Lama Thubten Yeshe<\/strong>\u00a0 \u2013 da www.iltk.org<\/div><\/div>\n<div class=\"push\" style='height:30px'><\/div>\n<div class=\"row \"><div class=\"wpv-grid grid-1-1  wpv-first-level first unextended\" style=\"padding-top:0px;padding-bottom:0px\" id=\"wpv-column-d21e0b9d2a34f80d7efa323799172b58\" >\t\t<div class=\"sep-text single centered\">\n\t\t\t\t\t\t\t<span class=\"sep-text-before\"><div class=\"sep-text-line\"><\/div><\/span>\n\t\t\t\t\t\t<div class=\"content\">\n\t\t\t\t<h2 class=\"text-divider-double\">Domande frequenti<\/h2>\t\t\t<\/div>\n\t\t\t<span class=\"sep-text-after\"><div class=\"sep-text-line\"><\/div><\/span>\n\t\t\t\t\t<\/div>\n\t<div class=\"wpv-accordion-wrapper\"><div class=\"accordion\" data-collapsible=\"false\"><h4 class=\"tab\"><div class=\"inner\">Benvenuti<\/div><\/h4><div class=\"pane\"><div class=\"inner\"><div class=\"row \"><div class=\"wpv-grid grid-1-1  first unextended\" style=\"padding-top:0px;padding-bottom:0px\" id=\"wpv-column-ffe2010f9892ce1b5055de6fff4df9ba\" ><p>Il Centro Studi Cenresig \u00e8 un luogo dedito alla pace e all\u2019armonia.<br \/>\nDurante la permanenza al Centro \u00e8 gentilmente richiesto di osservare\u00a0alcune semplici regole e indicazioni ispirate a un senso di rispetto verso i Maestri,\u00a0le persone presenti e il luogo:<\/p>\n<p><strong>1.<\/strong>\u00a0per poter frequentare il centro e partecipare ai corsi, \u00e8 necessario essere soci. In qualunque momento dell\u2019anno \u00e8 possibile fare l\u2019iscrizione presso la segreteria; la tessera ha durata annuale, ed \u00e8 obbligatoria per ragioni di natura legale ed assicurativa;<br \/>\n<strong>2.<\/strong>\u00a0il Centro \u00e8 aperto a persone di qualunque et\u00e0, sesso e credo religioso: tuttavia in alcuni particolari casi, il centro si riserva di permettere l\u2019accesso agli insegnamenti solo a praticanti buddhisti che hanno determinati requisiti;<br \/>\n<strong>3.<\/strong>\u00a0\u00e8\u00a0caldamente raccomandato di arrivare almeno 15 minuti prima degli insegnamenti, in modo di evitare di interrompere o disturbare nel caso siano gi\u00e0 iniziati;<br \/>\n<strong>4.<\/strong>\u00a0nei locali del centro \u00e8 tassativamente vietato l\u2019uso di intossicanti come alcool, tabacco e droghe;<br \/>\n<strong>5.<\/strong>\u00a0non togliete la vita ad alcun essere senziente (insetti compresi) e non prendete ci\u00f2 che non \u00e8 stato dato;<br \/>\n<strong>6.<\/strong>\u00a0secondo la tradizione tibetana, \u00e8 considerato poco rispettoso entrare nei templi indossando le scarpe: pertanto, all\u2019entrata del Gompa, vi verr\u00e0 gentilmente chiesto di toglierle. \u00c8 altres\u00ec buona cosa assistere agli insegnamenti seduti con le gambe incrociate o su una sedia (in caso di problemi di postura) evitando accuratamente di volgere le piante dei piedi verso i Maestri, gli altari, le statue e rappresentazioni del Buddha e le offerte, poich\u00e9 viene considerato un atteggiamento oltraggioso. In caso si allunghino le gambe, sarebbe opportuno coprirsi i piedi con un panno;<br \/>\n<strong>7.<\/strong>\u00a0i\u00a0libretti delle preghiere non si dovrebbero appoggiare per terra, ma sempre su di un piano rialzato come un cuscino o un panno, inoltre bisognerebbe evitare di calpestarli o usarli come appoggio per qualcos\u2019altro.\u00a0Questo vale in generale per tutti i testi di Dharma;<br \/>\n<strong>8.<\/strong>\u00a0il Direttivo del Centro Studi Cenresig si raccomanda caldamente affinch\u00e9 i partecipanti mantengano un comportamento e atteggiamento pacifico e sereno, evitando di utilizzare un linguaggio offensivo e\/o volgare, di intavolare discussioni di promozione politica, schiamazzi e disordine;<br \/>\n<strong>9.<\/strong>\u00a0non prendere ci\u00f2 che non \u00e8 stato dato.<\/div><\/div><\/div><\/div><h4 class=\"tab\"><div class=\"inner\">Il Gompa<\/div><\/h4><div class=\"pane\"><div class=\"inner\"><div class=\"row \"><div class=\"wpv-grid grid-1-1  first unextended\" style=\"padding-top:0px;padding-bottom:0px\" id=\"wpv-column-fd2d1dc1be95d4f75dfd7886a8c3e281\" ><p>All\u2019interno del Centro si trovano esposte molte<strong> immagini e Tanke<\/strong>, sono\u00a0le foto dei nostri Maestri e le immagini del corpo di un Buddha che, nei\u00a0vari aspetti, ci manifestano il sentiero dell\u2019amore, della compassione e\u00a0della saggezza.<br \/>\nAlcune Tanke possono mostrare aspetti irati del Buddha:\u00a0ci ricordano le difficolt\u00e0 che si incontrano nel sentiero e ci spronano al\u00a0loro superamento. Alle volte sono coperte e vengono esposte solo in occasione\u00a0di particolari cerimonie o pratiche.<\/p>\n<p>All\u2019ingresso si trova la <strong>Ruota della preghiera<\/strong>, costituita da un cilindro al\u00a0cui interno sono contenuti milioni di mantra <em>OM MANI PADME HUM<\/em>;\u00a0il farla girare fa accumulare molta energia positiva: quanto aver recitato i\u00a0mantra in essa contenuti.<\/p>\n<p>Vi \u00e8 anche un alto sedile, che i praticanti chiamano <strong>\u201ctrono\u201d<\/strong>, su cui siedono\u00a0i Lama quando danno insegnamenti.<br \/>\nAl suo fianco vi \u00e8 un <strong>altare<\/strong> che contiene\u00a0le immagini e gli oggetti che\u00a0ci ricordano di connetterci alla pratica e alla riconoscente devozione verso gli esseri\u00a0illuminati che ci hanno svelato il sentiero.<\/div><\/div><\/div><\/div><h4 class=\"tab\"><div class=\"inner\">Preghiere<\/div><\/h4><div class=\"pane\"><div class=\"inner\"><div class=\"row \"><div class=\"wpv-grid grid-1-1  first unextended\" style=\"padding-top:0px;padding-bottom:0px\" id=\"wpv-column-abab4e03743e6292afbdd17a48935343\" ><p>All\u2019inizio e alla fine degli Insegnamenti vengono recitate alcune preghiere,\u00a0tra le quali il Sutra del Cuore, l\u2019Offerta del Mandala, la Presa di Rifugio\u00a0e la Dedica dei Meriti.<\/p>\n<p>Solitamente vengono recitate in tibetano dal Maestro insieme ai praticanti\u00a0con maggiore esperienza, mentre il Sutra del Cuore viene recitato\u00a0dai discepoli in italiano per favorire la comprensione del testo nella propria\u00a0lingua.<\/div><\/div><\/div><\/div><h4 class=\"tab\"><div class=\"inner\">Prostrazioni<\/div><\/h4><div class=\"pane\"><div class=\"inner\"><div class=\"row \"><div class=\"wpv-grid grid-1-1  first unextended\" style=\"padding-top:0px;padding-bottom:0px\" id=\"wpv-column-950d02303d80e5f745fdab3e10c3ade9\" ><p>Prima o al termine degli Insegnamenti i praticanti si prostrano al Maestro\u00a0come segno di omaggio ai Tre Gioielli: il Buddha che ha rivelato il\u00a0Sentiero per la liberazione dalla sofferenza, il Dharma ovvero il suo Insegnamento,\u00a0e il Sangha che \u00e8 la comunit\u00e0 spirituale monastica e laica che\u00a0segue la Via indicata dal Buddha.<\/p>\n<p>Per le persone nuove non \u00e8 necessario recitare i testi, n\u00e9 tantomeno fare\u00a0le prostrazioni; viene soltanto richiesto di predisporsi all\u2019ascolto con cuore\u00a0e mente aperti.<\/div><\/div><\/div><\/div><h4 class=\"tab\"><div class=\"inner\">Colloqui e iniziazioni con i Maestri<\/div><\/h4><div class=\"pane\"><div class=\"inner\"><div class=\"row \"><div class=\"wpv-grid grid-1-1  first unextended\" style=\"padding-top:0px;padding-bottom:0px\" id=\"wpv-column-a6c772c004b22628001fa2a970615c33\" ><p>Qualora voleste delle informazioni o aveste particolari esigenze come, per esempio, avere un colloquio privato con un Maestro durante il periodo degli insegnamenti o prendere rifugio, siete cortesemente pregati di comunicarlo per tempo via mail o via telefono all&#8217;SPC &#8211; coordinatore di programma (<a href=\"mailto:spc@cenresig.org\" target=\"_blank\" rel=\"noopener\">spc@cenresig.org<\/a>), in modo che il direttivo possa organizzarsi e fare il possibile per accontentarvi.<br \/>\nIn qualunque momento, il Direttivo \u00e8 presente durante gli insegnamenti e da loro ricevere tutte le informazioni del caso.<\/div><\/div><\/div><\/div><\/div><\/div><\/div><\/div>\n<div class=\"push\" style='height:30px'><\/div>\n\t\t<h2 class=\"text-divider-double\">\t\t\t\nHai altre domande?\t\t<\/h2>\t\t<div class=\"sep\"><\/div>\t\n<div class=\"row \"><div class=\"wpv-grid grid-1-1  wpv-first-level first unextended animation-fade-in animated-active\" style=\"padding-top:0px;padding-bottom:0px\" id=\"wpv-column-80c8be0ed7bd42edec9a854be24ba863\" ><p>\n<div class=\"wpcf7 no-js\" id=\"wpcf7-f24755-o1\" lang=\"it-IT\" dir=\"ltr\" data-wpcf7-id=\"24755\">\n<div class=\"screen-reader-response\"><p role=\"status\" aria-live=\"polite\" aria-atomic=\"true\"><\/p> <ul><\/ul><\/div>\n<form action=\"\/final\/wp-json\/wp\/v2\/pages\/42#wpcf7-f24755-o1\" method=\"post\" class=\"wpcf7-form init\" aria-label=\"Modulo di contatto\" novalidate=\"novalidate\" data-status=\"init\">\n<fieldset class=\"hidden-fields-container\"><input type=\"hidden\" name=\"_wpcf7\" value=\"24755\" \/><input type=\"hidden\" name=\"_wpcf7_version\" value=\"6.1.2\" \/><input type=\"hidden\" name=\"_wpcf7_locale\" value=\"it_IT\" \/><input type=\"hidden\" name=\"_wpcf7_unit_tag\" value=\"wpcf7-f24755-o1\" \/><input type=\"hidden\" name=\"_wpcf7_container_post\" value=\"0\" \/><input type=\"hidden\" name=\"_wpcf7_posted_data_hash\" value=\"\" \/>\n<\/fieldset>\n<p><label> Il tuo nome<br \/>\n<span class=\"wpcf7-form-control-wrap\" data-name=\"your-name\"><input size=\"40\" maxlength=\"400\" class=\"wpcf7-form-control wpcf7-text wpcf7-validates-as-required\" autocomplete=\"name\" aria-required=\"true\" aria-invalid=\"false\" value=\"\" type=\"text\" name=\"your-name\" \/><\/span> <\/label>\n<\/p>\n<p><label> La tua email<br \/>\n<span class=\"wpcf7-form-control-wrap\" data-name=\"your-email\"><input size=\"40\" maxlength=\"400\" class=\"wpcf7-form-control wpcf7-email wpcf7-validates-as-required wpcf7-text wpcf7-validates-as-email\" autocomplete=\"email\" aria-required=\"true\" aria-invalid=\"false\" value=\"\" type=\"email\" name=\"your-email\" \/><\/span> <\/label>\n<\/p>\n<p><label> Oggetto<br \/>\n<span class=\"wpcf7-form-control-wrap\" data-name=\"your-subject\"><input size=\"40\" maxlength=\"400\" class=\"wpcf7-form-control wpcf7-text wpcf7-validates-as-required\" aria-required=\"true\" aria-invalid=\"false\" value=\"\" type=\"text\" name=\"your-subject\" \/><\/span> <\/label>\n<\/p>\n<p><label> Il tuo messaggio (facoltativo)<br \/>\n<span class=\"wpcf7-form-control-wrap\" data-name=\"your-message\"><textarea cols=\"40\" rows=\"10\" maxlength=\"2000\" class=\"wpcf7-form-control wpcf7-textarea\" aria-invalid=\"false\" name=\"your-message\"><\/textarea><\/span> <\/label>\n<\/p>\n<p><input class=\"wpcf7-form-control wpcf7-submit has-spinner\" type=\"submit\" value=\"Invia\" \/>\n<\/p><div class=\"wpcf7-response-output\" aria-hidden=\"true\"><\/div>\n<\/form>\n<\/div>\n<\/div><\/div>\n","protected":false},"excerpt":{"rendered":"<p>l Centro Studi Cenresig \u00e8 un\u2019associazione senza scopo di lucro, con sede a Bologna, votata allo studio del buddhismo tibetano della tradizione Mahayana e alla promozione dei valori di etica&#8230;<\/p>\n","protected":false},"author":1,"featured_media":0,"parent":30,"menu_order":9,"comment_status":"closed","ping_status":"closed","template":"","meta":{"footnotes":""},"class_list":["post-42","page","type-page","status-publish","hentry"],"_links":{"self":[{"href":"https:\/\/www.cenresig.org\/final\/wp-json\/wp\/v2\/pages\/42","targetHints":{"allow":["GET"]}}],"collection":[{"href":"https:\/\/www.cenresig.org\/final\/wp-json\/wp\/v2\/pages"}],"about":[{"href":"https:\/\/www.cenresig.org\/final\/wp-json\/wp\/v2\/types\/page"}],"author":[{"embeddable":true,"href":"https:\/\/www.cenresig.org\/final\/wp-json\/wp\/v2\/users\/1"}],"replies":[{"embeddable":true,"href":"https:\/\/www.cenresig.org\/final\/wp-json\/wp\/v2\/comments?post=42"}],"version-history":[{"count":10,"href":"https:\/\/www.cenresig.org\/final\/wp-json\/wp\/v2\/pages\/42\/revisions"}],"predecessor-version":[{"id":26000,"href":"https:\/\/www.cenresig.org\/final\/wp-json\/wp\/v2\/pages\/42\/revisions\/26000"}],"up":[{"embeddable":true,"href":"https:\/\/www.cenresig.org\/final\/wp-json\/wp\/v2\/pages\/30"}],"wp:attachment":[{"href":"https:\/\/www.cenresig.org\/final\/wp-json\/wp\/v2\/media?parent=42"}],"curies":[{"name":"wp","href":"https:\/\/api.w.org\/{rel}","templated":true}]}}