{"id":27081,"date":"2024-07-03T11:36:33","date_gmt":"2024-07-03T10:36:33","guid":{"rendered":"https:\/\/www.cenresig.org\/final\/?post_type=product&#038;p=27081"},"modified":"2024-11-01T23:54:12","modified_gmt":"2024-11-01T22:54:12","slug":"jhado-rinpoche-preparazione-al-jenang-degli-otto-buddha-della-medicina-giorno-3","status":"publish","type":"product","link":"https:\/\/www.cenresig.org\/final\/prodotto\/jhado-rinpoche-preparazione-al-jenang-degli-otto-buddha-della-medicina-giorno-3\/","title":{"rendered":"JHADO RINPOCHE &#8211; PREPARAZIONE AL JENANG DEGLI OTTO BUDDHA DELLA MEDICINA (GIORNO 3)"},"content":{"rendered":"<p><strong>IL VENERABILE KHENSUR JHADO RINPOCHE A BOLOGNA &#8211; IL VIDEO DELLA TERZA GIORNATA<\/strong><br \/>\nEvento organizzato dal Centro Studi Cenresig.<br \/>\nIl Venerabile Jhado Rimpoche ha accettato di dare insegnamenti a Bologna precisamente il 22, 23 e 24 aprile 2023<br \/>\nPer noi tutti \u00e8 un grande, grandissimo Onore aver preparato questo evento da mesi.<\/p>\n<p><strong><span class=\"dropcap2 \">J<\/span>hado Rinpoche (Tenzin Jungne)<\/strong> \u00e8 nato nel 1954 da una famiglia nomade che viveva nella zona del lago Namtso, 220 chilometri a nord di Lhasa, in Tibet. All\u2019et\u00e0 di tre anni fu riconosciuto e insediato come la sesta reincarnazione dell\u2019abate del monastero di Jhado.<\/p>\n<p>Dal 1992 al 1996, Rinpoche ha prestato servizio come insegnante presso il monastero Namgyal di Dharamsala, il monastero personale di Sua Santit\u00e0 il Dalai Lama. Nel 1997, Rinpoche \u00e8 stato nominato abate del monastero di Namgyal e ha servito l\u2019istituzione in tale veste fino al 2004.<\/p>\n<p>Jhado Tulku Rinpoche \u00e8 oggi uno dei lama pi\u00f9 stimati del lignaggio Geluk. Oltre alla sua eccellente formazione nel sistema dei collegi monastici Geluk, nel corso degli anni Rinpoche ha ricevuto molte trasmissioni orali e potenziamenti da Sua Santit\u00e0 il Dalai Lama e dai suoi due principali precettori, oltre che da molti grandi maestri di altre tradizioni, tra cui il famoso maestro Nyingma Trulshik Rinpoche e Chogye Trichen Rinpoche.<\/p>\n<p>Rinomato per la sua acuta intelligenza e il suo stile di insegnamento dinamico, Jhado Rinpoche \u00e8 anche molto apprezzato per la sua capacit\u00e0 di coinvolgere gli studenti occidentali in modi interessanti e personalmente rilevanti. Oltre a queste qualit\u00e0, Rinpoche \u00e8 anche molto conosciuto e amato per il suo temperamento dolce e la sua gentilezza.<\/p>\n<p><strong>Visita la pagina Facebook ufficiale:\u00a0<a href=\"https:\/\/cenresig.us10.list-manage.com\/track\/click?u=039632f1c20e8b3ecbc8b6de6&amp;id=41c524030c&amp;e=ad3e31ea43\" target=\"_blank\" rel=\"noopener\" data-saferedirecturl=\"https:\/\/www.google.com\/url?q=https:\/\/cenresig.us10.list-manage.com\/track\/click?u%3D039632f1c20e8b3ecbc8b6de6%26id%3D41c524030c%26e%3Dad3e31ea43&amp;source=gmail&amp;ust=1677762143960000&amp;usg=AOvVaw0ygBjX8axrkE5oxfASwU4v\">Jhado Rinpoche Facebook page<\/a><\/strong><\/p>\n","protected":false},"excerpt":{"rendered":"<p>SOSTIENI IL CENTRO CENRESIG E LE SUE ATTIVITA\u2019<br \/>\nIl video dell&#8217;Insegnamento del terzo giorno (luned\u00ec 24 aprile 2023) &#8211; Durata 3h<\/p>\n","protected":false},"featured_media":27054,"comment_status":"open","ping_status":"closed","template":"","meta":[],"product_brand":[],"product_cat":[167],"product_tag":[168,169,170],"class_list":{"0":"post-27081","1":"product","2":"type-product","3":"status-publish","4":"has-post-thumbnail","6":"product_cat-insegnamenti","7":"product_tag-insegnamenti","8":"product_tag-jhado-rinpoche","9":"product_tag-tantra-tibetano","11":"first","12":"instock","13":"virtual","14":"sold-individually","15":"purchasable","16":"product-type-simple"},"_links":{"self":[{"href":"https:\/\/www.cenresig.org\/final\/wp-json\/wp\/v2\/product\/27081","targetHints":{"allow":["GET"]}}],"collection":[{"href":"https:\/\/www.cenresig.org\/final\/wp-json\/wp\/v2\/product"}],"about":[{"href":"https:\/\/www.cenresig.org\/final\/wp-json\/wp\/v2\/types\/product"}],"replies":[{"embeddable":true,"href":"https:\/\/www.cenresig.org\/final\/wp-json\/wp\/v2\/comments?post=27081"}],"wp:featuredmedia":[{"embeddable":true,"href":"https:\/\/www.cenresig.org\/final\/wp-json\/wp\/v2\/media\/27054"}],"wp:attachment":[{"href":"https:\/\/www.cenresig.org\/final\/wp-json\/wp\/v2\/media?parent=27081"}],"wp:term":[{"taxonomy":"product_brand","embeddable":true,"href":"https:\/\/www.cenresig.org\/final\/wp-json\/wp\/v2\/product_brand?post=27081"},{"taxonomy":"product_cat","embeddable":true,"href":"https:\/\/www.cenresig.org\/final\/wp-json\/wp\/v2\/product_cat?post=27081"},{"taxonomy":"product_tag","embeddable":true,"href":"https:\/\/www.cenresig.org\/final\/wp-json\/wp\/v2\/product_tag?post=27081"}],"curies":[{"name":"wp","href":"https:\/\/api.w.org\/{rel}","templated":true}]}}